{"id":1369,"date":"2019-12-02T09:54:52","date_gmt":"2019-12-02T09:54:52","guid":{"rendered":"http:\/\/demos.reytheme.com\/frankfurt\/?page_id=1369"},"modified":"2026-01-04T21:22:27","modified_gmt":"2026-01-04T20:22:27","slug":"homepage-no-background","status":"publish","type":"page","link":"https:\/\/raubfisch-king.de\/nl\/","title":{"rendered":"Startseite"},"content":{"rendered":"<div data-elementor-type=\"wp-page\" data-elementor-id=\"1369\" class=\"elementor elementor-1369\">\n\t\t\t\t\t\t\t\t\t<section class=\"elementor-section elementor-top-section elementor-element elementor-element-06367f6 elementor-section-full_width elementor-section-height-default elementor-section-height-default\" data-id=\"06367f6\" data-element_type=\"section\">\n\t\t\t\t\t\t<div class=\"elementor-container elementor-column-gap-default\">\n\t\t\t\t\t<div class=\"elementor-column elementor-col-100 elementor-top-column elementor-element elementor-element-155bfbf\" data-id=\"155bfbf\" data-element_type=\"column\">\n\t\t\t<div class=\"elementor-column-wrap--155bfbf elementor-widget-wrap elementor-element-populated\">\n\t\t\t\t\t\t\t\t<div class=\"elementor-element elementor-element-e330f9e elementor--h-position-center elementor--v-position-middle elementor-arrows-position-inside elementor-pagination-position-inside elementor-widget elementor-widget-slides\" data-id=\"e330f9e\" data-element_type=\"widget\" data-settings=\"{&quot;autoplay_speed&quot;:6000,&quot;transition&quot;:&quot;fade&quot;,&quot;transition_speed&quot;:1500,&quot;navigation&quot;:&quot;both&quot;,&quot;autoplay&quot;:&quot;yes&quot;,&quot;pause_on_interaction&quot;:&quot;yes&quot;,&quot;infinite&quot;:&quot;yes&quot;}\" data-widget_type=\"slides.default\">\n\t\t\t\t<div class=\"elementor-widget-container\">\n\t\t\t\t\t<div class=\"elementor-swiper\">\n\t\t\t<div class=\"elementor-slides-wrapper elementor-main-swiper swiper-container\" dir=\"ltr\" data-animation=\"fadeInUp\">\n\t\t\t\t<div class=\"swiper-wrapper elementor-slides\">\n\t\t\t\t\t\t\t\t\t\t<div class=\"elementor-repeater-item-a46989f swiper-slide\"><div class=\"swiper-slide-bg elementor-ken-burns elementor-ken-burns--in\"><\/div><div class=\"elementor-background-overlay\"><\/div><div class=\"swiper-slide-inner\" ><div class=\"swiper-slide-contents\"><div class=\"elementor-slide-heading\">Gratis Verzendkosten &amp; hoge Kwaliteit<\/div><div class=\"elementor-slide-description\">Door vissers voor vissers! Volgens dit motto werken wij elke dag om het maximale te bereiken. Onze producten vertonen geen zwakke punten en verrijken elke visreis.<\/div><\/div><\/div><\/div><div class=\"elementor-repeater-item-8944c78 swiper-slide\"><div class=\"swiper-slide-bg elementor-ken-burns elementor-ken-burns--in\"><\/div><div class=\"elementor-background-overlay\"><\/div><div class=\"swiper-slide-inner\" ><div class=\"swiper-slide-contents\"><div class=\"elementor-slide-heading\">Kunstaas van een speciaal soort<\/div><div class=\"elementor-slide-description\">Bijna twee jaar lang hebben we, samen met vele andere vissers, kunstaas getest op loopgedrag, materiaalkwaliteit, grootte, vorm en, natuurlijk, vangstsucces. Onze shads worden geproduceerd volgens de hoogste Europese specificaties en normen - ook onze pluggen zijn gemaakt van ftalaatvrij ABS.<\/div><\/div><\/div><\/div><div class=\"elementor-repeater-item-05de736 swiper-slide\"><div class=\"swiper-slide-bg elementor-ken-burns elementor-ken-burns--in\"><\/div><div class=\"elementor-background-overlay\"><\/div><div class=\"swiper-slide-inner\" ><div class=\"swiper-slide-contents\"><div class=\"elementor-slide-heading\">Meer dan een passre<\/div><div class=\"elementor-slide-description\">Mit liefde vorr het vissen besloten we meer te doen. Met passie en expertise hebben we producten ontwikkeld die MEER zijn.<\/div><a href=\"https:\/\/raubfisch-king.de\/nl\/ueberuns\/\" class=\"elementor-button elementor-slide-button elementor-size-sm\">Dit is waar wij voor staan<\/a><\/div><\/div><\/div>\t\t\t\t<\/div>\n\t\t\t\t\t\t\t\t\t\t\t\t\t\t\t<div class=\"swiper-pagination\"><\/div>\n\t\t\t\t\t\t\t\t\t\t\t\t\t\t\t\t<div class=\"elementor-swiper-button elementor-swiper-button-prev\">\n\t\t\t\t\t\t\t<i aria-hidden=\"true\" class=\"eicon-chevron-left\"><\/i>\t\t\t\t\t\t\t<span class=\"elementor-screen-only\" data-no-translation=\"\" data-trp-gettext=\"\">Previous<\/span>\n\t\t\t\t\t\t<\/div>\n\t\t\t\t\t\t<div class=\"elementor-swiper-button elementor-swiper-button-next\">\n\t\t\t\t\t\t\t<i aria-hidden=\"true\" class=\"eicon-chevron-right\"><\/i>\t\t\t\t\t\t\t<span class=\"elementor-screen-only\" data-no-translation=\"\" data-trp-gettext=\"\">Next<\/span>\n\t\t\t\t\t\t<\/div>\n\t\t\t\t\t\t\t\t\t\t\t\t<\/div>\n\t\t<\/div>\n\t\t\t\t<\/div>\n\t\t\t\t<\/div>\n\t\t\t\t\t<\/div>\n\t\t<\/div>\n\t\t\t\t\t\t\t<\/div>\n\t\t<\/section>\n\t\t\t\t<section class=\"elementor-section elementor-top-section elementor-element elementor-element-44752200 elementor-section-full_width rey-flexWrap rey-section-stretched rey-section-bg--classic elementor-hidden-desktop elementor-hidden-tablet elementor-hidden-mobile elementor-section-height-default elementor-section-height-default\" data-id=\"44752200\" data-element_type=\"section\" data-settings=\"{&quot;background_background&quot;:&quot;classic&quot;}\">\n\t\t\t\t\t\t<div class=\"elementor-container elementor-column-gap-default\">\n\t\t\t\t\t<div class=\"elementor-column elementor-col-50 elementor-top-column elementor-element elementor-element-756f67ff\" data-id=\"756f67ff\" data-element_type=\"column\">\n\t\t\t<div class=\"elementor-column-wrap--756f67ff elementor-widget-wrap elementor-element-populated\">\n\t\t\t\t\t\t\t\t<div class=\"elementor-element elementor-element-163a8116 elementor-widget-mobile__width-inherit elementor-widget elementor-widget-heading\" data-id=\"163a8116\" data-element_type=\"widget\" data-widget_type=\"heading.default\">\n\t\t\t\t<div class=\"elementor-widget-container\">\n\t\t\t<h2 class=\"elementor-heading-title elementor-size-large\">ONZE PRODUCTEN<\/h2>\t\t<\/div>\n\t\t\t\t<\/div>\n\t\t\t\t<div class=\"elementor-element elementor-element-2be0105d elementor-button-underline --il--stretch --il--tablet-stretch elementor-mobile-align-center elementor-widget-mobile__width-inherit elementor-align-center --zindexed-1 elementor-widget__width-auto elementor-widget elementor-widget-button\" data-id=\"2be0105d\" data-element_type=\"widget\" data-widget_type=\"button.default\">\n\t\t\t\t<div class=\"elementor-widget-container\">\n\t\t\t\t\t<div class=\"elementor-button-wrapper\">\n\t\t\t<a class=\"elementor-button elementor-button-link elementor-size-sm\" href=\"https:\/\/raubfisch-king.de\/nl\/shop\/\">\n\t\t\t\t\t\t<span class=\"elementor-button-content-wrapper\">\n\t\t\t\t\t\t<span class=\"elementor-button-text\">NU WINKELEN<\/span>\n\t\t<\/span>\n\t\t\t\t\t<\/a>\n\t\t<\/div>\n\t\t\t\t<\/div>\n\t\t\t\t<\/div>\n\t\t\t\t<div class=\"elementor-element elementor-element-87c82aa elementor-widget-mobile__width-inherit elementor-widget elementor-widget-reycore-slider-nav\" data-id=\"87c82aa\" data-element_type=\"widget\" data-widget_type=\"reycore-slider-nav.default\">\n\t\t\t\t<div class=\"elementor-widget-container\">\n\t\t\t\t\t<div class=\"rey-sliderNav --hidden\" data-type=\"arrows\" data-slider-source=\"pg\" data-slider-id=\"carousel-5cd5506726c0b\">\n\n\t\t<div class=\"rey-arrowSvg rey-arrowSvg--left\" ><svg aria-hidden=\"true\" role=\"img\" id=\"rey-icon-arrow-long-69ff02a10fe11\" class=\"rey-icon rey-icon-arrow-long  --default\" viewbox=\"0 0 50 8\"><path d=\"M0.928904706,3.0387609 L44.0113745,3.0387609 L44.0113745,4.97541883 L0.928904706,4.97541883 C0.415884803,4.97541883 2.13162821e-14,4.54188318 2.13162821e-14,4.00708986 C2.13162821e-14,3.47229655 0.415884803,3.0387609 0.928904706,3.0387609 Z\" class=\"rey-arrowSvg-dash\" style=\"transform:var(--i-dsh-tr,initial);transition:var(--i-trs,initial);transform-origin:100% 50%;\"><\/path><path d=\"M49.6399545,3.16320794 L45.1502484,0.129110528 C45.0056033,0.0532149593 44.8474869,0.0092610397 44.685796,3.99680289e-14 C44.5479741,0.0112891909 44.4144881,0.0554642381 44.2956561,0.129110528 C44.0242223,0.2506013 43.8503957,0.531340097 43.8559745,0.839218433 L43.8559745,6.90741326 C43.8503957,7.21529159 44.0242223,7.49603039 44.2956561,7.61752116 C44.5594727,7.77895738 44.8864318,7.77895738 45.1502484,7.61752116 L49.6399545,4.58342375 C49.8682741,4.42554586 50.0055358,4.15892769 50.0055358,3.87331584 C50.0055358,3.587704 49.8682741,3.32108583 49.6399545,3.16320794 Z\"><\/path><\/svg><\/div><div class=\"rey-arrowSvg rey-arrowSvg--right\" ><svg aria-hidden=\"true\" role=\"img\" id=\"rey-icon-arrow-long-69ff02a10fe24\" class=\"rey-icon rey-icon-arrow-long  --default\" viewbox=\"0 0 50 8\"><path d=\"M0.928904706,3.0387609 L44.0113745,3.0387609 L44.0113745,4.97541883 L0.928904706,4.97541883 C0.415884803,4.97541883 2.13162821e-14,4.54188318 2.13162821e-14,4.00708986 C2.13162821e-14,3.47229655 0.415884803,3.0387609 0.928904706,3.0387609 Z\" class=\"rey-arrowSvg-dash\" style=\"transform:var(--i-dsh-tr,initial);transition:var(--i-trs,initial);transform-origin:100% 50%;\"><\/path><path d=\"M49.6399545,3.16320794 L45.1502484,0.129110528 C45.0056033,0.0532149593 44.8474869,0.0092610397 44.685796,3.99680289e-14 C44.5479741,0.0112891909 44.4144881,0.0554642381 44.2956561,0.129110528 C44.0242223,0.2506013 43.8503957,0.531340097 43.8559745,0.839218433 L43.8559745,6.90741326 C43.8503957,7.21529159 44.0242223,7.49603039 44.2956561,7.61752116 C44.5594727,7.77895738 44.8864318,7.77895738 45.1502484,7.61752116 L49.6399545,4.58342375 C49.8682741,4.42554586 50.0055358,4.15892769 50.0055358,3.87331584 C50.0055358,3.587704 49.8682741,3.32108583 49.6399545,3.16320794 Z\"><\/path><\/svg><\/div><\/div>\t\t<\/div>\n\t\t\t\t<\/div>\n\t\t\t\t\t<\/div>\n\t\t<\/div>\n\t\t\t\t<div class=\"elementor-column elementor-col-50 elementor-top-column elementor-element elementor-element-5e9dff0f\" data-id=\"5e9dff0f\" data-element_type=\"column\">\n\t\t\t<div class=\"elementor-column-wrap--5e9dff0f elementor-widget-wrap elementor-element-populated\">\n\t\t\t\t\t\t\t\t\t<\/div>\n\t\t<\/div>\n\t\t\t\t\t\t\t<\/div>\n\t\t<\/section>\n\t\t\t\t<section class=\"elementor-section elementor-top-section elementor-element elementor-element-294d51c rey-section-stretched rey-section-bg--classic elementor-section-boxed elementor-section-height-default elementor-section-height-default\" data-id=\"294d51c\" data-element_type=\"section\" data-settings=\"{&quot;background_background&quot;:&quot;classic&quot;}\">\n\t\t\t\t\t\t\t<div class=\"elementor-background-overlay\"><\/div>\n\t\t\t\t\t\t\t<div class=\"elementor-container elementor-column-gap-default\">\n\t\t\t\t\t<div class=\"elementor-column elementor-col-100 elementor-top-column elementor-element elementor-element-96a82fa\" data-id=\"96a82fa\" data-element_type=\"column\">\n\t\t\t<div class=\"elementor-column-wrap--96a82fa elementor-widget-wrap elementor-element-populated\">\n\t\t\t\t\t\t\t\t<div class=\"elementor-element elementor-element-f407537 elementor-widget-mobile__width-inherit elementor-widget elementor-widget-heading\" data-id=\"f407537\" data-element_type=\"widget\" data-widget_type=\"heading.default\">\n\t\t\t\t<div class=\"elementor-widget-container\">\n\t\t\t<h2 class=\"elementor-heading-title elementor-size-large\">EEN KUNST OP ZICH<\/h2>\t\t<\/div>\n\t\t\t\t<\/div>\n\t\t\t\t<div class=\"elementor-element elementor-element-a84458c elementor-widget elementor-widget-text-editor\" data-id=\"a84458c\" data-element_type=\"widget\" data-widget_type=\"text-editor.default\">\n\t\t\t\t<div class=\"elementor-widget-container\">\n\t\t\t\t\t\t\t<p>Natuurlijk werken wij altijd nauw en graag samen met onze gemeenschap. Omdat wij zelf\nsportvissers zijn: door sportvissers voor sportvissers! En dat is precies waarom wij altijd\nproberen onze klanten te benaderen en, indien nodig, suggesties in ons aanbod op te\nnemen.<\/p>\t\t\t\t\t\t<\/div>\n\t\t\t\t<\/div>\n\t\t\t\t<div class=\"elementor-element elementor-element-4e693bd elementor-testimonial--skin-bubble elementor-testimonial--layout-image_inline elementor-testimonial--align-center elementor-arrows-yes elementor-pagination-type-bullets elementor-widget elementor-widget-testimonial-carousel\" data-id=\"4e693bd\" data-element_type=\"widget\" data-settings=\"{&quot;slides_per_view_mobile&quot;:&quot;1&quot;,&quot;show_arrows&quot;:&quot;yes&quot;,&quot;pagination&quot;:&quot;bullets&quot;,&quot;speed&quot;:500,&quot;autoplay&quot;:&quot;yes&quot;,&quot;autoplay_speed&quot;:5000,&quot;loop&quot;:&quot;yes&quot;,&quot;pause_on_hover&quot;:&quot;yes&quot;,&quot;pause_on_interaction&quot;:&quot;yes&quot;,&quot;space_between&quot;:{&quot;unit&quot;:&quot;px&quot;,&quot;size&quot;:10,&quot;sizes&quot;:[]},&quot;space_between_tablet&quot;:{&quot;unit&quot;:&quot;px&quot;,&quot;size&quot;:10,&quot;sizes&quot;:[]},&quot;space_between_mobile&quot;:{&quot;unit&quot;:&quot;px&quot;,&quot;size&quot;:10,&quot;sizes&quot;:[]}}\" data-widget_type=\"testimonial-carousel.default\">\n\t\t\t\t<div class=\"elementor-widget-container\">\n\t\t\t\t\t<div class=\"elementor-swiper\">\n\t\t\t<div class=\"elementor-main-swiper swiper-container\">\n\t\t\t\t<div class=\"swiper-wrapper\">\n\t\t\t\t\t\t\t\t\t\t\t<div class=\"swiper-slide\">\n\t\t\t\t\t\t\t\t\t<div class=\"elementor-testimonial\">\n\t\t\t\t\t\t\t<div class=\"elementor-testimonial__content\">\n\t\t\t\t\t<div class=\"elementor-testimonial__text\">\n\t\t\t\t\t\tIk ving twee prachtige snoekbaarzen de allereerste keer dat ik met jullie kunstaas viste. Ik\nkan niet wachten om te zien wat er aan de liyn zit by het volgende uitstapje.\t\t\t\t\t<\/div>\n\t\t\t\t\t\t\t\t\t<\/div>\n\t\t\t\t\t\t<div class=\"elementor-testimonial__footer\">\n\t\t\t\t\t\t\t\t\t<div class=\"elementor-testimonial__image\">\n\t\t\t\t\t\t<img decoding=\"async\" src=\"https:\/\/raubfisch-king.de\/wp-content\/uploads\/2021\/11\/raubfischking-rezensionen-2.jpg\" alt=\"Florian\">\n\t\t\t\t\t\t\t\t\t\t\t<\/div>\n\t\t\t\t\t\t\t\t<cite class=\"elementor-testimonial__cite\"><span class=\"elementor-testimonial__name\">Florian<\/span><\/cite>\t\t\t<\/div>\n\t\t<\/div>\n\t\t\t\t\t\t\t\t<\/div>\n\t\t\t\t\t\t\t\t\t\t\t<div class=\"swiper-slide\">\n\t\t\t\t\t\t\t\t\t<div class=\"elementor-testimonial\">\n\t\t\t\t\t\t\t<div class=\"elementor-testimonial__content\">\n\t\t\t\t\t<div class=\"elementor-testimonial__text\">\n\t\t\t\t\t\tAls beginner brengen jullie Videos`s me erg verder.....1.000keer bedankt!!!\t\t\t\t\t<\/div>\n\t\t\t\t\t\t\t\t\t<\/div>\n\t\t\t\t\t\t<div class=\"elementor-testimonial__footer\">\n\t\t\t\t\t\t\t\t\t<div class=\"elementor-testimonial__image\">\n\t\t\t\t\t\t<img decoding=\"async\" src=\"https:\/\/raubfisch-king.de\/wp-content\/uploads\/2021\/11\/raubfischking-rezensionen-4.jpg\" alt=\"Jan\">\n\t\t\t\t\t\t\t\t\t\t\t<\/div>\n\t\t\t\t\t\t\t\t<cite class=\"elementor-testimonial__cite\"><span class=\"elementor-testimonial__name\">Jan<\/span><\/cite>\t\t\t<\/div>\n\t\t<\/div>\n\t\t\t\t\t\t\t\t<\/div>\n\t\t\t\t\t\t\t\t\t\t\t<div class=\"swiper-slide\">\n\t\t\t\t\t\t\t\t\t<div class=\"elementor-testimonial\">\n\t\t\t\t\t\t\t<div class=\"elementor-testimonial__content\">\n\t\t\t\t\t<div class=\"elementor-testimonial__text\">\n\t\t\t\t\t\tSnelle en vlotte levering van het kunstaas. Alles van zeer, zeer hoge kwaliteit en ik kijk uit\nnaar de volgende vistrip\t\t\t\t\t<\/div>\n\t\t\t\t\t\t\t\t\t<\/div>\n\t\t\t\t\t\t<div class=\"elementor-testimonial__footer\">\n\t\t\t\t\t\t\t\t\t<div class=\"elementor-testimonial__image\">\n\t\t\t\t\t\t<img decoding=\"async\" src=\"https:\/\/raubfisch-king.de\/wp-content\/uploads\/2021\/11\/raubfischking-rezensionen-5.jpg\" alt=\"Dennis\">\n\t\t\t\t\t\t\t\t\t\t\t<\/div>\n\t\t\t\t\t\t\t\t<cite class=\"elementor-testimonial__cite\"><span class=\"elementor-testimonial__name\">Dennis<\/span><\/cite>\t\t\t<\/div>\n\t\t<\/div>\n\t\t\t\t\t\t\t\t<\/div>\n\t\t\t\t\t\t\t\t\t\t\t<div class=\"swiper-slide\">\n\t\t\t\t\t\t\t\t\t<div class=\"elementor-testimonial\">\n\t\t\t\t\t\t\t<div class=\"elementor-testimonial__content\">\n\t\t\t\t\t<div class=\"elementor-testimonial__text\">\n\t\t\t\t\t\tPetje af. Ik had geweldige viservaringen met jullie kunstaas en kan het alleen maar\naanbevelen.\t\t\t\t\t<\/div>\n\t\t\t\t\t\t\t\t\t<\/div>\n\t\t\t\t\t\t<div class=\"elementor-testimonial__footer\">\n\t\t\t\t\t\t\t\t\t<div class=\"elementor-testimonial__image\">\n\t\t\t\t\t\t<img decoding=\"async\" src=\"https:\/\/raubfisch-king.de\/wp-content\/uploads\/2022\/01\/profil_raubfischking.jpg\" alt=\"Christoph\">\n\t\t\t\t\t\t\t\t\t\t\t<\/div>\n\t\t\t\t\t\t\t\t<cite class=\"elementor-testimonial__cite\"><span class=\"elementor-testimonial__name\">Christoph<\/span><\/cite>\t\t\t<\/div>\n\t\t<\/div>\n\t\t\t\t\t\t\t\t<\/div>\n\t\t\t\t\t\t\t\t\t<\/div>\n\t\t\t\t\t\t\t\t\t\t\t\t\t\t\t<div class=\"swiper-pagination\"><\/div>\n\t\t\t\t\t\t\t\t\t\t\t\t\t\t\t\t<div class=\"elementor-swiper-button elementor-swiper-button-prev\">\n\t\t\t\t\t\t\t<i aria-hidden=\"true\" class=\"eicon-chevron-left\"><\/i>\t\t\t\t\t\t\t<span class=\"elementor-screen-only\" data-no-translation=\"\" data-trp-gettext=\"\">Previous<\/span>\n\t\t\t\t\t\t<\/div>\n\t\t\t\t\t\t<div class=\"elementor-swiper-button elementor-swiper-button-next\">\n\t\t\t\t\t\t\t<i aria-hidden=\"true\" class=\"eicon-chevron-right\"><\/i>\t\t\t\t\t\t\t<span class=\"elementor-screen-only\" data-no-translation=\"\" data-trp-gettext=\"\">Next<\/span>\n\t\t\t\t\t\t<\/div>\n\t\t\t\t\t\t\t\t\t\t\t\t<\/div>\n\t\t<\/div>\n\t\t\t\t<\/div>\n\t\t\t\t<\/div>\n\t\t\t\t\t<\/div>\n\t\t<\/div>\n\t\t\t\t\t\t\t<\/div>\n\t\t<\/section>\n\t\t\t\t\t\t\t<\/div>","protected":false},"excerpt":{"rendered":"<p>Kostenfreier Versand &#038; Hohe Qualit\u00e4tVon Anglern f\u00fcr Angler! Ganz nach diesem Motto arbeiten wir tagt\u00e4glich um das Maximum zu erreichen. Unsere Produkte zeigen keine Schw\u00e4chen und bereichern jeden Angelausflug.K\u00f6der der besonderen ArtFast zwei Jahre testeten wir, zusammen mit vielen anderen Anglern, Kunstk\u00f6der auf Laufverhalten, Materialqualit\u00e4t, Gr\u00f6\u00dfe, Form und nat\u00fcrlich Fangerfolg. Unsere Gummifische werden nach den [&hellip;]<\/p>","protected":false},"author":1,"featured_media":0,"parent":0,"menu_order":0,"comment_status":"closed","ping_status":"closed","template":"elementor_header_footer","meta":{"footnotes":""},"acf":[],"_links":{"self":[{"href":"https:\/\/raubfisch-king.de\/nl\/wp-json\/wp\/v2\/pages\/1369"}],"collection":[{"href":"https:\/\/raubfisch-king.de\/nl\/wp-json\/wp\/v2\/pages"}],"about":[{"href":"https:\/\/raubfisch-king.de\/nl\/wp-json\/wp\/v2\/types\/page"}],"author":[{"embeddable":true,"href":"https:\/\/raubfisch-king.de\/nl\/wp-json\/wp\/v2\/users\/1"}],"replies":[{"embeddable":true,"href":"https:\/\/raubfisch-king.de\/nl\/wp-json\/wp\/v2\/comments?post=1369"}],"version-history":[{"count":10,"href":"https:\/\/raubfisch-king.de\/nl\/wp-json\/wp\/v2\/pages\/1369\/revisions"}],"predecessor-version":[{"id":4566,"href":"https:\/\/raubfisch-king.de\/nl\/wp-json\/wp\/v2\/pages\/1369\/revisions\/4566"}],"wp:attachment":[{"href":"https:\/\/raubfisch-king.de\/nl\/wp-json\/wp\/v2\/media?parent=1369"}],"curies":[{"name":"wp","href":"https:\/\/api.w.org\/{rel}","templated":true}]}}