{"id":1787,"date":"2021-02-18T19:18:54","date_gmt":"2021-02-18T18:18:54","guid":{"rendered":"http:\/\/raubfisch-king.de\/?page_id=1787"},"modified":"2021-11-21T15:35:45","modified_gmt":"2021-11-21T14:35:45","slug":"gourmet-ecke","status":"publish","type":"page","link":"https:\/\/raubfisch-king.de\/nl\/gourmet-ecke\/","title":{"rendered":"King Kitchen"},"content":{"rendered":"<div data-elementor-type=\"wp-page\" data-elementor-id=\"1787\" class=\"elementor elementor-1787\">\n\t\t\t\t\t\t\t\t\t<section class=\"elementor-section elementor-top-section elementor-element elementor-element-1c414302 elementor-section-full_width rey-flexWrap rey-section-stretched rey-section-bg--classic elementor-section-height-min-height elementor-section-height-default elementor-section-items-middle\" data-id=\"1c414302\" data-element_type=\"section\" data-settings=\"{&quot;background_background&quot;:&quot;classic&quot;}\">\n\t\t\t\t\t\t<div class=\"elementor-container elementor-column-gap-default\">\n\t\t\t\t\t<div class=\"elementor-column elementor-col-100 elementor-top-column elementor-element elementor-element-37d808c2\" data-id=\"37d808c2\" data-element_type=\"column\">\n\t\t\t<div class=\"elementor-column-wrap--37d808c2 elementor-widget-wrap elementor-element-populated\">\n\t\t\t\t\t\t\t\t<div class=\"elementor-element elementor-element-1295c623 reyEl-bpost-thumb--custom reyEl-bPostGrid--4 elementor-align-left reyEl-bPostGrid-tablet--2 reyEl-bPostGrid-mobile--1 elementor-widget elementor-widget-reycore-basic-post-grid\" data-id=\"1295c623\" data-element_type=\"widget\" data-widget_type=\"reycore-basic-post-grid.default\">\n\t\t\t\t<div class=\"elementor-widget-container\">\n\t\t\t\t\t<div class=\"rey-element reyEl-bPostGrid reyEl-bPostGrid--default\">\n\t\t\t\t\t<div class=\"reyEl-bPostGrid-item\">\n\t\t\t\t<div class=\"reyEl-bPostGrid-itemInner --box-styler\">\n\t\t\t\t\t\t\t\t<div class=\"reyEl-bpost-thumb\">\n\t\t\t\t<a class=\"reyEl-bpost-thumbLink\" href=\"https:\/\/raubfisch-king.de\/nl\/2021\/04\/24\/gegrilltes-zanderfilet\/\" aria-hidden=\"true\" tabindex=\"-1\">\n\t\t\t<img loading=\"lazy\" decoding=\"async\" width=\"768\" height=\"768\" src=\"https:\/\/raubfisch-king.de\/wp-content\/uploads\/2021\/04\/zanderfilet_gegrillt-2-768x768.jpg\" class=\"attachment-medium_large size-medium_large wp-post-image\" alt=\"\" srcset=\"https:\/\/raubfisch-king.de\/wp-content\/uploads\/2021\/04\/zanderfilet_gegrillt-2-768x768.jpg 768w, https:\/\/raubfisch-king.de\/wp-content\/uploads\/2021\/04\/zanderfilet_gegrillt-2-300x300.jpg 300w, https:\/\/raubfisch-king.de\/wp-content\/uploads\/2021\/04\/zanderfilet_gegrillt-2-150x150.jpg 150w, https:\/\/raubfisch-king.de\/wp-content\/uploads\/2021\/04\/zanderfilet_gegrillt-2-400x400.jpg 400w, https:\/\/raubfisch-king.de\/wp-content\/uploads\/2021\/04\/zanderfilet_gegrillt-2-100x100.jpg 100w, https:\/\/raubfisch-king.de\/wp-content\/uploads\/2021\/04\/zanderfilet_gegrillt-2.jpg 800w\" sizes=\"(max-width: 768px) 100vw, 768px\" \/>\t\t\t\t<\/a>\n\t\t\t<\/div>\n\t\t<h3 class=\"reyEl-bpost-title\"><a href=\"https:\/\/raubfisch-king.de\/nl\/2021\/04\/24\/gegrilltes-zanderfilet\/\" rel=\"bookmark\">Gegrilde snoekbaarsfilet<\/a><\/h3>\n\t\t<div class=\"reyEl-bpost-content\">\n\t\t\tIngredi\u00ebnten: Snoekbaarsfilets, kruidenboter, zout, peper, limoenolie (alternatief: citroensap &amp; olijfolie), verse munt\t\t<\/div>\n\n\t\t\n\t\t<div class=\"reyEl-bpost-footer\">\n\n\t\t\t<a class=\"btn btn-line-active\" href=\"https:\/\/raubfisch-king.de\/nl\/2021\/04\/24\/gegrilltes-zanderfilet\/\">\n\n\t\t\t\tLees verder\n\t\t\t\t<span class=\"screen-reader-text\"> Gegrilde snoekbaarsfilet<\/span>\n\t\t\t<\/a>\n\t\t\t\t\t<\/div>\n\n\t\t\t\t\t\t<\/div>\n\t\t\t<\/div>\n\t\t\t\t\t<div class=\"reyEl-bPostGrid-item\">\n\t\t\t\t<div class=\"reyEl-bPostGrid-itemInner --box-styler\">\n\t\t\t\t\t\t\t\t<div class=\"reyEl-bpost-thumb\">\n\t\t\t\t<a class=\"reyEl-bpost-thumbLink\" href=\"https:\/\/raubfisch-king.de\/nl\/2021\/04\/24\/backoffenzander-mit-kartoffelscheiben\/\" aria-hidden=\"true\" tabindex=\"-1\">\n\t\t\t<img loading=\"lazy\" decoding=\"async\" width=\"684\" height=\"684\" src=\"https:\/\/raubfisch-king.de\/wp-content\/uploads\/2021\/04\/backoffenzander-1.jpg\" class=\"attachment-medium_large size-medium_large wp-post-image\" alt=\"\" srcset=\"https:\/\/raubfisch-king.de\/wp-content\/uploads\/2021\/04\/backoffenzander-1.jpg 684w, https:\/\/raubfisch-king.de\/wp-content\/uploads\/2021\/04\/backoffenzander-1-300x300.jpg 300w, https:\/\/raubfisch-king.de\/wp-content\/uploads\/2021\/04\/backoffenzander-1-150x150.jpg 150w, https:\/\/raubfisch-king.de\/wp-content\/uploads\/2021\/04\/backoffenzander-1-400x400.jpg 400w, https:\/\/raubfisch-king.de\/wp-content\/uploads\/2021\/04\/backoffenzander-1-100x100.jpg 100w\" sizes=\"(max-width: 684px) 100vw, 684px\" \/>\t\t\t\t<\/a>\n\t\t\t<\/div>\n\t\t<h3 class=\"reyEl-bpost-title\"><a href=\"https:\/\/raubfisch-king.de\/nl\/2021\/04\/24\/backoffenzander-mit-kartoffelscheiben\/\" rel=\"bookmark\">In de oven gebakken snoekbaars met aardappelschijfjes<\/a><\/h3>\n\t\t<div class=\"reyEl-bpost-content\">\n\t\t\tIngredi\u00ebnten: Hele snoekbaars, 200 ml groentebouillon, zout, peper, tuinkruiden (salbai, bieslook, rozemarijn &amp; tijm), aardappelen, uien, olijfolie, geroosterde aardappelkruiden.\t\t<\/div>\n\n\t\t\n\t\t<div class=\"reyEl-bpost-footer\">\n\n\t\t\t<a class=\"btn btn-line-active\" href=\"https:\/\/raubfisch-king.de\/nl\/2021\/04\/24\/backoffenzander-mit-kartoffelscheiben\/\">\n\n\t\t\t\tLees verder\n\t\t\t\t<span class=\"screen-reader-text\"> In de oven gebakken snoekbaars met aardappelschijfjes<\/span>\n\t\t\t<\/a>\n\t\t\t\t\t<\/div>\n\n\t\t\t\t\t\t<\/div>\n\t\t\t<\/div>\n\t\t\t\t\t<div class=\"reyEl-bPostGrid-item\">\n\t\t\t\t<div class=\"reyEl-bPostGrid-itemInner --box-styler\">\n\t\t\t\t\t\t\t\t<div class=\"reyEl-bpost-thumb\">\n\t\t\t\t<a class=\"reyEl-bpost-thumbLink\" href=\"https:\/\/raubfisch-king.de\/nl\/2021\/02\/13\/mehr-als-nur-ein-hobby\/\" aria-hidden=\"true\" tabindex=\"-1\">\n\t\t\t<img loading=\"lazy\" decoding=\"async\" width=\"768\" height=\"768\" src=\"https:\/\/raubfisch-king.de\/wp-content\/uploads\/2021\/02\/Zanderfilet-im-Sesammantel-6-768x768.jpg\" class=\"attachment-medium_large size-medium_large wp-post-image\" alt=\"\" srcset=\"https:\/\/raubfisch-king.de\/wp-content\/uploads\/2021\/02\/Zanderfilet-im-Sesammantel-6-768x768.jpg 768w, https:\/\/raubfisch-king.de\/wp-content\/uploads\/2021\/02\/Zanderfilet-im-Sesammantel-6-300x300.jpg 300w, https:\/\/raubfisch-king.de\/wp-content\/uploads\/2021\/02\/Zanderfilet-im-Sesammantel-6-1024x1024.jpg 1024w, https:\/\/raubfisch-king.de\/wp-content\/uploads\/2021\/02\/Zanderfilet-im-Sesammantel-6-150x150.jpg 150w, https:\/\/raubfisch-king.de\/wp-content\/uploads\/2021\/02\/Zanderfilet-im-Sesammantel-6-1536x1536.jpg 1536w, https:\/\/raubfisch-king.de\/wp-content\/uploads\/2021\/02\/Zanderfilet-im-Sesammantel-6-400x400.jpg 400w, https:\/\/raubfisch-king.de\/wp-content\/uploads\/2021\/02\/Zanderfilet-im-Sesammantel-6-100x100.jpg 100w, https:\/\/raubfisch-king.de\/wp-content\/uploads\/2021\/02\/Zanderfilet-im-Sesammantel-6.jpg 2000w\" sizes=\"(max-width: 768px) 100vw, 768px\" \/>\t\t\t\t<\/a>\n\t\t\t<\/div>\n\t\t<h3 class=\"reyEl-bpost-title\"><a href=\"https:\/\/raubfisch-king.de\/nl\/2021\/02\/13\/mehr-als-nur-ein-hobby\/\" rel=\"bookmark\">Snoekbaarsfilet in sesamcoating (4 porties)<\/a><\/h3>\n\t\t<div class=\"reyEl-bpost-content\">\n\t\t\t&nbsp;Ingredi\u00ebnten: Speltmeel (type 630), 1 ei, paneermeel, sesamzaad (ongepeld)\t\t<\/div>\n\n\t\t\n\t\t<div class=\"reyEl-bpost-footer\">\n\n\t\t\t<a class=\"btn btn-line-active\" href=\"https:\/\/raubfisch-king.de\/nl\/2021\/02\/13\/mehr-als-nur-ein-hobby\/\">\n\n\t\t\t\tLees verder\n\t\t\t\t<span class=\"screen-reader-text\"> Snoekbaarsfilet in sesamcoating (4 porties)<\/span>\n\t\t\t<\/a>\n\t\t\t\t\t<\/div>\n\n\t\t\t\t\t\t<\/div>\n\t\t\t<\/div>\n\t\t\t\t\t<div class=\"reyEl-bPostGrid-item\">\n\t\t\t\t<div class=\"reyEl-bPostGrid-itemInner --box-styler\">\n\t\t\t\t\t\t\t\t<div class=\"reyEl-bpost-thumb\">\n\t\t\t\t<a class=\"reyEl-bpost-thumbLink\" href=\"https:\/\/raubfisch-king.de\/nl\/2019\/09\/26\/digital-technologies-are-improving-and-growing-the-design-industry\/\" aria-hidden=\"true\" tabindex=\"-1\">\n\t\t\t<img loading=\"lazy\" decoding=\"async\" width=\"768\" height=\"768\" src=\"https:\/\/raubfisch-king.de\/wp-content\/uploads\/2019\/09\/Hecht_in_der_Auflaufform-768x768.jpg\" class=\"attachment-medium_large size-medium_large wp-post-image\" alt=\"\" srcset=\"https:\/\/raubfisch-king.de\/wp-content\/uploads\/2019\/09\/Hecht_in_der_Auflaufform-768x768.jpg 768w, https:\/\/raubfisch-king.de\/wp-content\/uploads\/2019\/09\/Hecht_in_der_Auflaufform-300x300.jpg 300w, https:\/\/raubfisch-king.de\/wp-content\/uploads\/2019\/09\/Hecht_in_der_Auflaufform-150x150.jpg 150w, https:\/\/raubfisch-king.de\/wp-content\/uploads\/2019\/09\/Hecht_in_der_Auflaufform-400x400.jpg 400w, https:\/\/raubfisch-king.de\/wp-content\/uploads\/2019\/09\/Hecht_in_der_Auflaufform-100x100.jpg 100w, https:\/\/raubfisch-king.de\/wp-content\/uploads\/2019\/09\/Hecht_in_der_Auflaufform.jpg 912w\" sizes=\"(max-width: 768px) 100vw, 768px\" \/>\t\t\t\t<\/a>\n\t\t\t<\/div>\n\t\t<h3 class=\"reyEl-bpost-title\"><a href=\"https:\/\/raubfisch-king.de\/nl\/2019\/09\/26\/digital-technologies-are-improving-and-growing-the-design-industry\/\" rel=\"bookmark\">Snoek in de braadpan (oven)<\/a><\/h3>\n\t\t<div class=\"reyEl-bpost-content\">\n\t\t\tIgredi\u00ebnten: Snoek (schoon), 1 grote ui, 1 citroen, 200 ml room, 50 ml melk, 1 eetlepel zoete mosterd, 2 eetlepels kerrieketchup, zout en peper, een beetje boter\t\t<\/div>\n\n\t\t\n\t\t<div class=\"reyEl-bpost-footer\">\n\n\t\t\t<a class=\"btn btn-line-active\" href=\"https:\/\/raubfisch-king.de\/nl\/2019\/09\/26\/digital-technologies-are-improving-and-growing-the-design-industry\/\">\n\n\t\t\t\tLees verder\n\t\t\t\t<span class=\"screen-reader-text\"> Snoek in de braadpan (oven)<\/span>\n\t\t\t<\/a>\n\t\t\t\t\t<\/div>\n\n\t\t\t\t\t\t<\/div>\n\t\t\t<\/div>\n\t\t<\/div>\t\t<\/div>\n\t\t\t\t<\/div>\n\t\t\t\t\t<\/div>\n\t\t<\/div>\n\t\t\t\t\t\t\t<\/div>\n\t\t<\/section>\n\t\t\t\t\t\t\t<\/div>","protected":false},"excerpt":{"rendered":"<p>Gegrilltes Zanderfilet &nbsp;Zutaten: Zanderfilets, Kr\u00e4uterbutter, Salz, Pfeffer, Limonen\u00f6l (alternativ: Zitronensaft &amp; Oliven\u00f6l, [&hellip;] CONTINUE READING Gegrilltes Zanderfilet Backoffenzander mit Kartoffelscheiben &nbsp;Zutaten: Ganzer Zander, 200 ml Gem\u00fcsebr\u00fch, Salz, Pfeffer, Gartenkr\u00e4uter (Salbai, [&hellip;] CONTINUE READING Backoffenzander mit Kartoffelscheiben Zanderfilet im Sesammantel (4 Portionen) &nbsp;Zutaten: Dinkelmehl (Typ 630), 1Ei, Paniermehl \/ Semmelbr\u00f6sel, Sesamk\u00f6rner (ungesch\u00e4lt) [&hellip;] CONTINUE READING Zanderfilet [&hellip;]<\/p>","protected":false},"author":1,"featured_media":0,"parent":0,"menu_order":0,"comment_status":"closed","ping_status":"closed","template":"template-builder.php","meta":{"footnotes":""},"acf":[],"_links":{"self":[{"href":"https:\/\/raubfisch-king.de\/nl\/wp-json\/wp\/v2\/pages\/1787"}],"collection":[{"href":"https:\/\/raubfisch-king.de\/nl\/wp-json\/wp\/v2\/pages"}],"about":[{"href":"https:\/\/raubfisch-king.de\/nl\/wp-json\/wp\/v2\/types\/page"}],"author":[{"embeddable":true,"href":"https:\/\/raubfisch-king.de\/nl\/wp-json\/wp\/v2\/users\/1"}],"replies":[{"embeddable":true,"href":"https:\/\/raubfisch-king.de\/nl\/wp-json\/wp\/v2\/comments?post=1787"}],"version-history":[{"count":10,"href":"https:\/\/raubfisch-king.de\/nl\/wp-json\/wp\/v2\/pages\/1787\/revisions"}],"predecessor-version":[{"id":2787,"href":"https:\/\/raubfisch-king.de\/nl\/wp-json\/wp\/v2\/pages\/1787\/revisions\/2787"}],"wp:attachment":[{"href":"https:\/\/raubfisch-king.de\/nl\/wp-json\/wp\/v2\/media?parent=1787"}],"curies":[{"name":"wp","href":"https:\/\/api.w.org\/{rel}","templated":true}]}}