{"id":2004,"date":"2021-04-24T11:58:22","date_gmt":"2021-04-24T09:58:22","guid":{"rendered":"http:\/\/raubfisch-king.de\/?page_id=2004"},"modified":"2021-08-28T16:47:25","modified_gmt":"2021-08-28T14:47:25","slug":"widerrufsformular","status":"publish","type":"page","link":"https:\/\/raubfisch-king.de\/nl\/widerrufsformular\/","title":{"rendered":"Widerrufsformular"},"content":{"rendered":"<div data-elementor-type=\"wp-page\" data-elementor-id=\"2004\" class=\"elementor elementor-2004\">\n\t\t\t\t\t\t\t\t\t<section class=\"elementor-section elementor-top-section elementor-element elementor-element-b375266 elementor-section-boxed elementor-section-height-default elementor-section-height-default\" data-id=\"b375266\" data-element_type=\"section\">\n\t\t\t\t\t\t<div class=\"elementor-container elementor-column-gap-default\">\n\t\t\t\t\t<div class=\"elementor-column elementor-col-100 elementor-top-column elementor-element elementor-element-03ab512\" data-id=\"03ab512\" data-element_type=\"column\">\n\t\t\t<div class=\"elementor-column-wrap--03ab512 elementor-widget-wrap elementor-element-populated\">\n\t\t\t\t\t\t\t\t<div class=\"elementor-element elementor-element-d2c9eac elementor-widget elementor-widget-heading\" data-id=\"d2c9eac\" data-element_type=\"widget\" data-widget_type=\"heading.default\">\n\t\t\t\t<div class=\"elementor-widget-container\">\n\t\t\t<h2 class=\"elementor-heading-title elementor-size-default\">Widerrufsformular<\/h2>\t\t<\/div>\n\t\t\t\t<\/div>\n\t\t\t\t<div class=\"elementor-element elementor-element-cb20b03 elementor-widget elementor-widget-text-editor\" data-id=\"cb20b03\" data-element_type=\"widget\" data-widget_type=\"text-editor.default\">\n\t\t\t\t<div class=\"elementor-widget-container\">\n\t\t\t\t\t\t\t<p dir=\"ltr\" style=\"line-height: 1.2; background-color: #ffffff; margin-top: 0pt; margin-bottom: 0pt;\"><span style=\"font-size: 10.5pt; font-family: 'Helvetica Neue',sans-serif; color: #000000; background-color: transparent; font-weight: 400; font-style: normal; font-variant: normal; text-decoration: none; vertical-align: baseline; white-space: pre-wrap;\">(Wenn Sie den Vertrag widerrufen wollen, dann f\u00fcllen Sie bitte dieses Formular aus und senden Sie es zur\u00fcck.)<\/span><span style=\"font-size: 10.5pt; font-family: 'Helvetica Neue',sans-serif; color: #000000; background-color: transparent; font-weight: 400; font-style: normal; font-variant: normal; text-decoration: none; vertical-align: baseline; white-space: pre-wrap;\"><br \/><\/span><span style=\"font-size: 10.5pt; font-family: 'Helvetica Neue',sans-serif; color: #000000; background-color: transparent; font-weight: 400; font-style: normal; font-variant: normal; text-decoration: none; vertical-align: baseline; white-space: pre-wrap;\"><br \/><\/span><span style=\"font-size: 10.5pt; font-family: 'Helvetica Neue',sans-serif; color: #000000; background-color: transparent; font-weight: 400; font-style: normal; font-variant: normal; text-decoration: none; vertical-align: baseline; white-space: pre-wrap;\">&#8211; Raubfisch King UG (haftungsbeschr\u00e4nkt), Amselstra\u00dfe 14 . 46354 S\u00fcdlohn,\u00a0 E-Mail-Adresse: info@raubfisch-king.de<\/span><span style=\"font-size: 10.5pt; font-family: 'Helvetica Neue',sans-serif; color: #000000; background-color: transparent; font-weight: 400; font-style: normal; font-variant: normal; text-decoration: none; vertical-align: baseline; white-space: pre-wrap;\"><br \/><\/span><span style=\"font-size: 10.5pt; font-family: 'Helvetica Neue',sans-serif; color: #000000; background-color: transparent; font-weight: 400; font-style: normal; font-variant: normal; text-decoration: none; vertical-align: baseline; white-space: pre-wrap;\"><br \/><\/span><span style=\"font-size: 10.5pt; font-family: 'Helvetica Neue',sans-serif; color: #000000; background-color: transparent; font-weight: 400; font-style: normal; font-variant: normal; text-decoration: none; vertical-align: baseline; white-space: pre-wrap;\">&#8211; Hiermit widerrufe(n) ich\/ wir (*) den von mir\/ uns (*) abgeschlossenen Vertrag \u00fcber den Kauf der folgenden Waren (*)\/<\/span><span style=\"font-size: 10.5pt; font-family: 'Helvetica Neue',sans-serif; color: #000000; background-color: transparent; font-weight: 400; font-style: normal; font-variant: normal; text-decoration: none; vertical-align: baseline; white-space: pre-wrap;\"><br \/><\/span><span style=\"font-size: 10.5pt; font-family: 'Helvetica Neue',sans-serif; color: #000000; background-color: transparent; font-weight: 400; font-style: normal; font-variant: normal; text-decoration: none; vertical-align: baseline; white-space: pre-wrap;\">\u00a0 die Erbringung der folgenden Dienstleistung (*)<\/span><span style=\"font-size: 10.5pt; font-family: 'Helvetica Neue',sans-serif; color: #000000; background-color: transparent; font-weight: 400; font-style: normal; font-variant: normal; text-decoration: none; vertical-align: baseline; white-space: pre-wrap;\"><br \/><\/span><span style=\"font-size: 10.5pt; font-family: 'Helvetica Neue',sans-serif; color: #000000; background-color: transparent; font-weight: 400; font-style: normal; font-variant: normal; text-decoration: none; vertical-align: baseline; white-space: pre-wrap;\"><br \/><\/span><span style=\"font-size: 10.5pt; font-family: 'Helvetica Neue',sans-serif; color: #000000; background-color: transparent; font-weight: 400; font-style: normal; font-variant: normal; text-decoration: none; vertical-align: baseline; white-space: pre-wrap;\">&#8211; Bestellt am (*)\/ erhalten am (*)<\/span><span style=\"font-size: 10.5pt; font-family: 'Helvetica Neue',sans-serif; color: #000000; background-color: transparent; font-weight: 400; font-style: normal; font-variant: normal; text-decoration: none; vertical-align: baseline; white-space: pre-wrap;\"><br \/><\/span><span style=\"font-size: 10.5pt; font-family: 'Helvetica Neue',sans-serif; color: #000000; background-color: transparent; font-weight: 400; font-style: normal; font-variant: normal; text-decoration: none; vertical-align: baseline; white-space: pre-wrap;\"><br \/><\/span><span style=\"font-size: 10.5pt; font-family: 'Helvetica Neue',sans-serif; color: #000000; background-color: transparent; font-weight: 400; font-style: normal; font-variant: normal; text-decoration: none; vertical-align: baseline; white-space: pre-wrap;\">&#8211; Name des\/ der Verbraucher(s)<\/span><span style=\"font-size: 10.5pt; font-family: 'Helvetica Neue',sans-serif; color: #000000; background-color: transparent; font-weight: 400; font-style: normal; font-variant: normal; text-decoration: none; vertical-align: baseline; white-space: pre-wrap;\"><br \/><\/span><span style=\"font-size: 10.5pt; font-family: 'Helvetica Neue',sans-serif; color: #000000; background-color: transparent; font-weight: 400; font-style: normal; font-variant: normal; text-decoration: none; vertical-align: baseline; white-space: pre-wrap;\">&#8211; Anschrift des\/ der Verbraucher(s)<\/span><span style=\"font-size: 10.5pt; font-family: 'Helvetica Neue',sans-serif; color: #000000; background-color: transparent; font-weight: 400; font-style: normal; font-variant: normal; text-decoration: none; vertical-align: baseline; white-space: pre-wrap;\"><br \/><\/span><span style=\"font-size: 10.5pt; font-family: 'Helvetica Neue',sans-serif; color: #000000; background-color: transparent; font-weight: 400; font-style: normal; font-variant: normal; text-decoration: none; vertical-align: baseline; white-space: pre-wrap;\">&#8211; Unterschrift des\/ der Verbraucher(s) (nur bei Mitteilung auf Papier)<\/span><span style=\"font-size: 10.5pt; font-family: 'Helvetica Neue',sans-serif; color: #000000; background-color: transparent; font-weight: 400; font-style: normal; font-variant: normal; text-decoration: none; vertical-align: baseline; white-space: pre-wrap;\"><br \/><\/span><span style=\"font-size: 10.5pt; font-family: 'Helvetica Neue',sans-serif; color: #000000; background-color: transparent; font-weight: 400; font-style: normal; font-variant: normal; text-decoration: none; vertical-align: baseline; white-space: pre-wrap;\">&#8211; Datum<\/span><\/p><p dir=\"ltr\" style=\"line-height: 1.2; background-color: #ffffff; margin-top: 0pt; margin-bottom: 0pt;\">\u00a0<\/p><p dir=\"ltr\" style=\"line-height: 1.2; background-color: #ffffff; margin-top: 0pt; margin-bottom: 0pt;\"><span style=\"font-size: 10.5pt; font-family: 'Helvetica Neue',sans-serif; color: #000000; background-color: transparent; font-weight: 400; font-style: normal; font-variant: normal; text-decoration: none; vertical-align: baseline; white-space: pre-wrap;\">(*) Unzutreffendes streichen<\/span><\/p>\t\t\t\t\t\t<\/div>\n\t\t\t\t<\/div>\n\t\t\t\t\t<\/div>\n\t\t<\/div>\n\t\t\t\t\t\t\t<\/div>\n\t\t<\/section>\n\t\t\t\t\t\t\t<\/div>","protected":false},"excerpt":{"rendered":"<p>Widerrufsformular (Wenn Sie den Vertrag widerrufen wollen, dann f\u00fcllen Sie bitte dieses Formular aus und senden Sie es zur\u00fcck.) &#8211; Raubfisch King UG (haftungsbeschr\u00e4nkt), Amselstra\u00dfe 14 . 46354 S\u00fcdlohn,\u00a0 E-Mail-Adresse: info@raubfisch-king.de &#8211; Hiermit widerrufe(n) ich\/ wir (*) den von mir\/ uns (*) abgeschlossenen Vertrag \u00fcber den Kauf der folgenden Waren (*)\/\u00a0 die Erbringung der folgenden [&hellip;]<\/p>","protected":false},"author":1,"featured_media":0,"parent":0,"menu_order":0,"comment_status":"closed","ping_status":"closed","template":"","meta":{"footnotes":""},"acf":[],"_links":{"self":[{"href":"https:\/\/raubfisch-king.de\/nl\/wp-json\/wp\/v2\/pages\/2004"}],"collection":[{"href":"https:\/\/raubfisch-king.de\/nl\/wp-json\/wp\/v2\/pages"}],"about":[{"href":"https:\/\/raubfisch-king.de\/nl\/wp-json\/wp\/v2\/types\/page"}],"author":[{"embeddable":true,"href":"https:\/\/raubfisch-king.de\/nl\/wp-json\/wp\/v2\/users\/1"}],"replies":[{"embeddable":true,"href":"https:\/\/raubfisch-king.de\/nl\/wp-json\/wp\/v2\/comments?post=2004"}],"version-history":[{"count":10,"href":"https:\/\/raubfisch-king.de\/nl\/wp-json\/wp\/v2\/pages\/2004\/revisions"}],"predecessor-version":[{"id":2501,"href":"https:\/\/raubfisch-king.de\/nl\/wp-json\/wp\/v2\/pages\/2004\/revisions\/2501"}],"wp:attachment":[{"href":"https:\/\/raubfisch-king.de\/nl\/wp-json\/wp\/v2\/media?parent=2004"}],"curies":[{"name":"wp","href":"https:\/\/api.w.org\/{rel}","templated":true}]}}