{"id":2290,"date":"2021-07-20T22:42:04","date_gmt":"2021-07-20T20:42:04","guid":{"rendered":"http:\/\/raubfisch-king.de\/?page_id=2290"},"modified":"2021-08-09T21:43:53","modified_gmt":"2021-08-09T19:43:53","slug":"uv-was-steckt-dahinter","status":"publish","type":"page","link":"https:\/\/raubfisch-king.de\/nl\/uv-was-steckt-dahinter\/","title":{"rendered":"UV &#8211; Was steckt dahinter"},"content":{"rendered":"<div data-elementor-type=\"wp-page\" data-elementor-id=\"2290\" class=\"elementor elementor-2290\">\n\t\t\t\t\t\t\t\t\t<section class=\"elementor-section elementor-top-section elementor-element elementor-element-a3b6576 elementor-section-boxed elementor-section-height-default elementor-section-height-default\" data-id=\"a3b6576\" data-element_type=\"section\">\n\t\t\t\t\t\t<div class=\"elementor-container elementor-column-gap-default\">\n\t\t\t\t\t<div class=\"elementor-column elementor-col-100 elementor-top-column elementor-element elementor-element-00785b5\" data-id=\"00785b5\" data-element_type=\"column\">\n\t\t\t<div class=\"elementor-column-wrap--00785b5 elementor-widget-wrap elementor-element-populated\">\n\t\t\t\t\t\t\t\t<section class=\"elementor-section elementor-inner-section elementor-element elementor-element-7be0896 elementor-section-boxed elementor-section-height-default elementor-section-height-default\" data-id=\"7be0896\" data-element_type=\"section\">\n\t\t\t\t\t\t<div class=\"elementor-container elementor-column-gap-default\">\n\t\t\t\t\t<div class=\"elementor-column elementor-col-50 elementor-inner-column elementor-element elementor-element-b375c5f\" data-id=\"b375c5f\" data-element_type=\"column\">\n\t\t\t<div class=\"elementor-column-wrap--b375c5f elementor-widget-wrap elementor-element-populated\">\n\t\t\t\t\t\t\t\t<div class=\"elementor-element elementor-element-c8e8ced elementor-widget elementor-widget-text-editor\" data-id=\"c8e8ced\" data-element_type=\"widget\" data-widget_type=\"text-editor.default\">\n\t\t\t\t<div class=\"elementor-widget-container\">\n\t\t\t\t\t\t\t<p><b>UV (Ultra-Violett) &#8211; was steckt dahinter?<\/b><\/p><p><span style=\"font-weight: 400;\">Kaum ein Thema wird unter Anglern so heftig diskutiert, wie den Einsatz UV-aktiver K\u00f6der. Gerne kl\u00e4ren wir dich auf, verzichten aber bewusst auf den wissenschaftlichen Teil (Nanometer usw.).\u00a0<\/span><\/p><p><span style=\"font-weight: 400;\">Das Farbsehen der Fische unterscheidet sich gegen\u00fcber Menschen. Anders als bei Menschen, k\u00f6nnen viele Fische UV-Licht sehen &#8211; auch in recht gro\u00dfen Tiefen. Diese im Laufe der Evolution angeeignete F\u00e4higkeit, ist f\u00fcr die Raubfische bei der Futtersuche nat\u00fcrlich ein sehr gro\u00dfer Vorteil um z. B. grundnah lebende Fische in tiefen Gew\u00e4ssern oder Fische bei tr\u00fcben Verh\u00e4ltnissen zu erkennen und attackieren zu k\u00f6nnen. Die Farbe rot verschwindet unter Wasser zuerst, dann gelb, gefolgt von gr\u00fcn, dann blau \/ violett und UV-Licht dringt am tiefsten ins Wasser ein (s. Bild). Mit Beigeben der UV-Farbe, kann also die Intensit\u00e4t der Farben (K\u00f6derdekor) deutlich erh\u00f6ht werden. Ein UV-aktiver K\u00f6der erh\u00f6ht also deine Fangwahrscheinlichkeit enorm, aber auch hier gibt es Besonderheiten, auf die wir gerne in den folgenden Abs\u00e4tzen eingehen.<\/span><\/p><p><b>Wie sind UV-aktive K\u00f6der zu erkennen?<\/b><\/p><p><span style=\"font-weight: 400;\">Um die UV-Aktivit\u00e4t eines K\u00f6ders festzustellen, greift man am besten auf eine UV-Lampe (Schwarzlichtlampe) zur\u00fcck. Diese speziellen Lampen gibt es in verschiedenen Gr\u00f6\u00dfen \/ Formate schon f\u00fcr ca. 10 Euro k\u00e4uflich zu erwerben und bringen die K\u00f6der regelrecht zum Leuchten. Vielen d\u00fcrfte dieser Effekt aus Diskotheken bekannt sein, wo ebenfalls UV-Licht (Schwarzlicht) zum Einsatz kommt. Eine Investition, die lohnenswert ist.<\/span><\/p><p><b>Wann sollten UV-aktive K\u00f6der eingesetzt werden?<\/b><\/p><p><span style=\"font-weight: 400;\">Vorweg: Es gibt kein Allheilmittel und keine \u201eWunderwaffe\u201c, aber unsere jahrelangen Erfahrungen unterst\u00fctzen die h\u00e4ufig zu lesende These, dass je klarer das Wasser ist und je mehr Licht (klarer Himmel \/ viel Sonne) vorhanden, auf den Einsatz von UV-aktiven K\u00f6dern verzichtet werden sollte. In der Angelwelt spricht man h\u00e4ufig vom sogenannten \u201eFlash-Effekt\u201c. Der Fisch wird dann von dem nahezu leuchtenden K\u00f6der eher abgeschreckt. Hier sollte beim Angeln auf Barsch und Zander auf nat\u00fcrliche Dekore (z. B. Wei\u00dffischimitate) ohne UV zur\u00fcckgegriffen werden. Interessanterweise haben wir wiederum beim Hechtangeln die Erfahrung gemacht, dass auch bei klaren Wasser und hellen Wetterbedingungen, der Einsatz UV-aktiver K\u00f6der zum Fangerfolg f\u00fchren kann. Hier darf also gerne mal experimentiert werden.<\/span><\/p><p><span style=\"font-weight: 400;\">In der D\u00e4mmerung, in der Nacht, oder bei sehr bedecktem Wetter und tr\u00fcbem Wasser, ist der Einsatz von UV-aktiven K\u00f6dern eine echte Bank und somit unverzichtbar f\u00fcr uns. Besonders interessant ist die Zeit nach Sonnenuntergang und vor Einbruch der Dunkelheit. Diese Zeit wird auch als \u201eblaue Stunde\u201c bezeichnet, da das UV-Licht hier besonders stark ist und das Leuchten der K\u00f6der verst\u00e4rkt. Genau in dieser Zeit konnten wir schon sehr viele Raubfische landen.<\/span><\/p><p>\u00a0<\/p>\t\t\t\t\t\t<\/div>\n\t\t\t\t<\/div>\n\t\t\t\t\t<\/div>\n\t\t<\/div>\n\t\t\t\t<div class=\"elementor-column elementor-col-50 elementor-inner-column elementor-element elementor-element-30de027 rey-colbg--classic\" data-id=\"30de027\" data-element_type=\"column\" data-settings=\"{&quot;background_background&quot;:&quot;classic&quot;}\">\n\t\t\t<div class=\"elementor-column-wrap--30de027 elementor-widget-wrap elementor-element-populated\">\n\t\t\t\t\t\t\t\t<div class=\"elementor-element elementor-element-b003b37 elementor-widget elementor-widget-image\" data-id=\"b003b37\" data-element_type=\"widget\" data-widget_type=\"image.default\">\n\t\t\t\t<div class=\"elementor-widget-container\">\n\t\t\t\t\t\t\t\t\t\t\t\t\t\t\t<img loading=\"lazy\" decoding=\"async\" width=\"1024\" height=\"901\" src=\"https:\/\/raubfisch-king.de\/wp-content\/uploads\/2021\/08\/raubfischking_uv-artikel-1024x901.jpg\" class=\"attachment-large size-large wp-image-2449\" alt=\"\" srcset=\"https:\/\/raubfisch-king.de\/wp-content\/uploads\/2021\/08\/raubfischking_uv-artikel-1024x901.jpg 1024w, https:\/\/raubfisch-king.de\/wp-content\/uploads\/2021\/08\/raubfischking_uv-artikel-300x264.jpg 300w, https:\/\/raubfisch-king.de\/wp-content\/uploads\/2021\/08\/raubfischking_uv-artikel-768x676.jpg 768w, https:\/\/raubfisch-king.de\/wp-content\/uploads\/2021\/08\/raubfischking_uv-artikel-1536x1352.jpg 1536w, https:\/\/raubfisch-king.de\/wp-content\/uploads\/2021\/08\/raubfischking_uv-artikel-2048x1803.jpg 2048w, https:\/\/raubfisch-king.de\/wp-content\/uploads\/2021\/08\/raubfischking_uv-artikel-400x352.jpg 400w\" sizes=\"(max-width: 1024px) 100vw, 1024px\" \/>\t\t\t\t\t\t\t\t\t\t\t\t\t\t\t<\/div>\n\t\t\t\t<\/div>\n\t\t\t\t<div class=\"elementor-element elementor-element-1cffe8b elementor-widget elementor-widget-text-editor\" data-id=\"1cffe8b\" data-element_type=\"widget\" data-widget_type=\"text-editor.default\">\n\t\t\t\t<div class=\"elementor-widget-container\">\n\t\t\t\t\t\t\t<p>Ultraviolett dringt am tiefsten in das Wasser ein<\/p>\t\t\t\t\t\t<\/div>\n\t\t\t\t<\/div>\n\t\t\t\t\t<\/div>\n\t\t<\/div>\n\t\t\t\t\t\t\t<\/div>\n\t\t<\/section>\n\t\t\t\t\t<\/div>\n\t\t<\/div>\n\t\t\t\t\t\t\t<\/div>\n\t\t<\/section>\n\t\t\t\t\t\t\t<\/div>","protected":false},"excerpt":{"rendered":"<p>UV (Ultra-Violett) &#8211; was steckt dahinter? Kaum ein Thema wird unter Anglern so heftig diskutiert, wie den Einsatz UV-aktiver K\u00f6der. Gerne kl\u00e4ren wir dich auf, verzichten aber bewusst auf den wissenschaftlichen Teil (Nanometer usw.).\u00a0 Das Farbsehen der Fische unterscheidet sich gegen\u00fcber Menschen. Anders als bei Menschen, k\u00f6nnen viele Fische UV-Licht sehen &#8211; auch in recht [&hellip;]<\/p>","protected":false},"author":1,"featured_media":0,"parent":0,"menu_order":0,"comment_status":"closed","ping_status":"closed","template":"","meta":{"footnotes":""},"acf":[],"_links":{"self":[{"href":"https:\/\/raubfisch-king.de\/nl\/wp-json\/wp\/v2\/pages\/2290"}],"collection":[{"href":"https:\/\/raubfisch-king.de\/nl\/wp-json\/wp\/v2\/pages"}],"about":[{"href":"https:\/\/raubfisch-king.de\/nl\/wp-json\/wp\/v2\/types\/page"}],"author":[{"embeddable":true,"href":"https:\/\/raubfisch-king.de\/nl\/wp-json\/wp\/v2\/users\/1"}],"replies":[{"embeddable":true,"href":"https:\/\/raubfisch-king.de\/nl\/wp-json\/wp\/v2\/comments?post=2290"}],"version-history":[{"count":10,"href":"https:\/\/raubfisch-king.de\/nl\/wp-json\/wp\/v2\/pages\/2290\/revisions"}],"predecessor-version":[{"id":2455,"href":"https:\/\/raubfisch-king.de\/nl\/wp-json\/wp\/v2\/pages\/2290\/revisions\/2455"}],"wp:attachment":[{"href":"https:\/\/raubfisch-king.de\/nl\/wp-json\/wp\/v2\/media?parent=2290"}],"curies":[{"name":"wp","href":"https:\/\/api.w.org\/{rel}","templated":true}]}}