{"id":2793,"date":"2021-11-21T15:42:31","date_gmt":"2021-11-21T14:42:31","guid":{"rendered":"https:\/\/raubfisch-king.de\/?page_id=2793"},"modified":"2022-02-21T21:15:20","modified_gmt":"2022-02-21T20:15:20","slug":"wobbler","status":"publish","type":"page","link":"https:\/\/raubfisch-king.de\/nl\/wobbler\/","title":{"rendered":"Pluggen"},"content":{"rendered":"<div data-elementor-type=\"wp-page\" data-elementor-id=\"2793\" class=\"elementor elementor-2793\">\n\t\t\t\t\t\t\t\t\t<section class=\"elementor-section elementor-top-section elementor-element elementor-element-22117a7c rey-section-stretched elementor-section-full_width elementor-section-height-min-height rey-section-bg--classic elementor-section-height-default elementor-section-items-middle\" data-id=\"22117a7c\" data-element_type=\"section\" data-settings=\"{&quot;background_background&quot;:&quot;classic&quot;}\">\n\t\t\t\t\t\t\t<div class=\"elementor-background-overlay\"><\/div>\n\t\t\t\t\t\t\t<div class=\"elementor-container elementor-column-gap-default\">\n\t\t\t\t\t<div class=\"elementor-column elementor-col-100 elementor-top-column elementor-element elementor-element-2a982e84\" data-id=\"2a982e84\" data-element_type=\"column\">\n\t\t\t<div class=\"elementor-column-wrap--2a982e84 elementor-widget-wrap elementor-element-populated\">\n\t\t\t\t\t\t\t\t<section class=\"elementor-section elementor-inner-section elementor-element elementor-element-8eb793c elementor-section-content-middle elementor-section-boxed elementor-section-height-default elementor-section-height-default\" data-id=\"8eb793c\" data-element_type=\"section\">\n\t\t\t\t\t\t<div class=\"elementor-container elementor-column-gap-default\">\n\t\t\t\t\t<div class=\"elementor-column elementor-col-100 elementor-inner-column elementor-element elementor-element-7f507239\" data-id=\"7f507239\" data-element_type=\"column\">\n\t\t\t<div class=\"elementor-column-wrap--7f507239 elementor-widget-wrap elementor-element-populated\">\n\t\t\t\t\t\t\t\t<div class=\"elementor-element elementor-element-7f9a14a0 elementor-widget-mobile__width-inherit elementor-widget elementor-widget-heading\" data-id=\"7f9a14a0\" data-element_type=\"widget\" data-widget_type=\"heading.default\">\n\t\t\t\t<div class=\"elementor-widget-container\">\n\t\t\t<h2 class=\"elementor-heading-title elementor-size-large\">Door vissers voor vissers<\/h2>\t\t<\/div>\n\t\t\t\t<\/div>\n\t\t\t\t<div class=\"elementor-element elementor-element-6e4b2e09 elementor-widget elementor-widget-text-editor\" data-id=\"6e4b2e09\" data-element_type=\"widget\" data-widget_type=\"text-editor.default\">\n\t\t\t\t<div class=\"elementor-widget-container\">\n\t\t\t\t\t\t\t<p>Omdat we zelf vissers zijn, besteden we nog meer aandacht aan de kwaliteit van onze producten. Naast de hoge kwaliteit biedt het kunstaas veel visplezier. Overtuig uzelf!<\/p>\t\t\t\t\t\t<\/div>\n\t\t\t\t<\/div>\n\t\t\t\t<div class=\"elementor-element elementor-element-5fd35883 elementor-mobile-align-center elementor-widget elementor-widget-button\" data-id=\"5fd35883\" data-element_type=\"widget\" data-widget_type=\"button.default\">\n\t\t\t\t<div class=\"elementor-widget-container\">\n\t\t\t\t\t<div class=\"elementor-button-wrapper\">\n\t\t\t<a class=\"elementor-button elementor-button-link elementor-size-sm\" href=\"http:\/\/raubfisch-king.de\/nl\/shop\/\">\n\t\t\t\t\t\t<span class=\"elementor-button-content-wrapper\">\n\t\t\t\t\t\t<span class=\"elementor-button-icon elementor-align-icon-left\">\n\t\t\t\t<i aria-hidden=\"true\" class=\"far fa-arrow-alt-circle-right\"><\/i>\t\t\t<\/span>\n\t\t\t\t\t\t<span class=\"elementor-button-text\">Naar de winkel<\/span>\n\t\t<\/span>\n\t\t\t\t\t<\/a>\n\t\t<\/div>\n\t\t\t\t<\/div>\n\t\t\t\t<\/div>\n\t\t\t\t<div class=\"elementor-element elementor-element-78160010 elementor-widget__width-initial elementor-absolute elementor-hidden-tablet elementor-hidden-phone elementor-widget elementor-widget-image\" data-id=\"78160010\" data-element_type=\"widget\" data-settings=\"{&quot;_position&quot;:&quot;absolute&quot;}\" data-widget_type=\"image.default\">\n\t\t\t\t<div class=\"elementor-widget-container\">\n\t\t\t\t\t\t\t\t\t\t\t\t\t\t\t<img loading=\"lazy\" decoding=\"async\" width=\"720\" height=\"720\" src=\"https:\/\/raubfisch-king.de\/wp-content\/uploads\/2021\/11\/freisteller-2.png\" class=\"attachment-large size-large wp-image-2788\" alt=\"\" srcset=\"https:\/\/raubfisch-king.de\/wp-content\/uploads\/2021\/11\/freisteller-2.png 720w, https:\/\/raubfisch-king.de\/wp-content\/uploads\/2021\/11\/freisteller-2-300x300.png 300w, https:\/\/raubfisch-king.de\/wp-content\/uploads\/2021\/11\/freisteller-2-150x150.png 150w, https:\/\/raubfisch-king.de\/wp-content\/uploads\/2021\/11\/freisteller-2-400x400.png 400w, https:\/\/raubfisch-king.de\/wp-content\/uploads\/2021\/11\/freisteller-2-100x100.png 100w\" sizes=\"(max-width: 720px) 100vw, 720px\" \/>\t\t\t\t\t\t\t\t\t\t\t\t\t\t\t<\/div>\n\t\t\t\t<\/div>\n\t\t\t\t\t<\/div>\n\t\t<\/div>\n\t\t\t\t\t\t\t<\/div>\n\t\t<\/section>\n\t\t\t\t\t<\/div>\n\t\t<\/div>\n\t\t\t\t\t\t\t<\/div>\n\t\t<\/section>\n\t\t\t\t<section class=\"elementor-section elementor-top-section elementor-element elementor-element-4cf3b269 elementor-section-full_width rey-flexWrap rey-section-stretched rey-section-bg--classic elementor-section-height-default elementor-section-height-default\" data-id=\"4cf3b269\" data-element_type=\"section\" data-settings=\"{&quot;background_background&quot;:&quot;classic&quot;}\">\n\t\t\t\t\t\t<div class=\"elementor-container elementor-column-gap-default\">\n\t\t\t\t\t<div class=\"elementor-column elementor-col-100 elementor-top-column elementor-element elementor-element-51d53b81\" data-id=\"51d53b81\" data-element_type=\"column\">\n\t\t\t<div class=\"elementor-column-wrap--51d53b81 elementor-widget-wrap elementor-element-populated\">\n\t\t\t\t\t\t\t\t\t<\/div>\n\t\t<\/div>\n\t\t\t\t\t\t\t<\/div>\n\t\t<\/section>\n\t\t\t\t<section class=\"elementor-section elementor-top-section elementor-element elementor-element-4b89bb7 elementor-section-boxed elementor-section-height-default elementor-section-height-default\" data-id=\"4b89bb7\" data-element_type=\"section\">\n\t\t\t\t\t\t<div class=\"elementor-container elementor-column-gap-default\">\n\t\t\t\t\t<div class=\"elementor-column elementor-col-100 elementor-top-column elementor-element elementor-element-b0f6d81\" data-id=\"b0f6d81\" data-element_type=\"column\">\n\t\t\t<div class=\"elementor-column-wrap--b0f6d81 elementor-widget-wrap elementor-element-populated\">\n\t\t\t\t\t\t\t\t<div class=\"elementor-element elementor-element-47c8677 elementor-widget__width-initial elementor-widget elementor-widget-heading\" data-id=\"47c8677\" data-element_type=\"widget\" data-widget_type=\"heading.default\">\n\t\t\t\t<div class=\"elementor-widget-container\">\n\t\t\t<h3 class=\"elementor-heading-title elementor-size-xl\">Pluggen <br>\nmet vangstbelofte<\/h3>\t\t<\/div>\n\t\t\t\t<\/div>\n\t\t\t\t\t<\/div>\n\t\t<\/div>\n\t\t\t\t\t\t\t<\/div>\n\t\t<\/section>\n\t\t\t\t<section class=\"elementor-section elementor-top-section elementor-element elementor-element-69873801 rey-flexWrap elementor-section-boxed elementor-section-height-default elementor-section-height-default\" data-id=\"69873801\" data-element_type=\"section\">\n\t\t\t\t\t\t<div class=\"elementor-container elementor-column-gap-extended\">\n\t\t\t\t\t<div class=\"elementor-column elementor-col-100 elementor-top-column elementor-element elementor-element-22c1d09\" data-id=\"22c1d09\" data-element_type=\"column\">\n\t\t\t<div class=\"elementor-column-wrap--22c1d09 elementor-widget-wrap elementor-element-populated\">\n\t\t\t\t\t\t\t\t<div class=\"elementor-element elementor-element-630b0b36 elementor-widget elementor-widget-text-editor\" data-id=\"630b0b36\" data-element_type=\"widget\" data-widget_type=\"text-editor.default\">\n\t\t\t\t<div class=\"elementor-widget-container\">\n\t\t\t\t\t\t\t<p>Door het gebruik van geselecteerde materialen (waaronder ftalaatvrij) zijn wij erin geslaagd deze traag zinkende Plug aan te bieden, die het vissen op bijna <strong>alle dieptes<\/strong> mogelijk maakt en dus een universele Pluggen is.<\/p><p>Wanneer de King Plug onmiddellijk wordt binnengehaald, kan hij gemakkelijk over ondiepe plekken of rotspunten worden geleid. Als alternatief - bijvoorbeeld in de wintermaanden - is het ook mogelijk om middelgrote of diepere stekken te bevissen dankzij een gecontroleerde zinkfase.<\/p><p>Met zijn slanke vorm en\u00a0<strong>zeer goed loopgedrag,<\/strong>imiteert onze<br \/>Pluggen perfect een prooivis.<\/p><p>Ondanks de opzettelijke afwezigheid van (metalen) belletjes zijn\u00a0<strong>zeer lange worpen<\/strong>\u00a0mogelijk.<\/p><p>Verdere highlights zijn de\u00a0<strong>rode 3D-ogen<\/strong>\u00a0en\u00a0<strong>de rode veer op de haak,<\/strong>die ook voor visuele aantrekkingskracht zorgen.<\/p>\t\t\t\t\t\t<\/div>\n\t\t\t\t<\/div>\n\t\t\t\t\t<\/div>\n\t\t<\/div>\n\t\t\t\t\t\t\t<\/div>\n\t\t<\/section>\n\t\t\t\t\t\t\t<\/div>","protected":false},"excerpt":{"rendered":"<p>Von Anglern f\u00fcr Angler Da wir selber Angler sind, achten wir umso mehr auf Qualit\u00e4t bei unseren Produkten. Zusammen mit der hohen Qualit\u00e4t bietet der K\u00f6der eine Menge an Angelspa\u00df. \u00dcberzeugt euch selbst! Zum Shop Wobbler mit Fangversprechen Durch die Verwendung von ausgew\u00e4hltem Material (u. a. Phthalatsfrei), ist es uns gelungen, diesen Slow Sinking Wobbler [&hellip;]<\/p>","protected":false},"author":1,"featured_media":0,"parent":0,"menu_order":0,"comment_status":"closed","ping_status":"closed","template":"template-builder.php","meta":{"footnotes":""},"acf":[],"_links":{"self":[{"href":"https:\/\/raubfisch-king.de\/nl\/wp-json\/wp\/v2\/pages\/2793"}],"collection":[{"href":"https:\/\/raubfisch-king.de\/nl\/wp-json\/wp\/v2\/pages"}],"about":[{"href":"https:\/\/raubfisch-king.de\/nl\/wp-json\/wp\/v2\/types\/page"}],"author":[{"embeddable":true,"href":"https:\/\/raubfisch-king.de\/nl\/wp-json\/wp\/v2\/users\/1"}],"replies":[{"embeddable":true,"href":"https:\/\/raubfisch-king.de\/nl\/wp-json\/wp\/v2\/comments?post=2793"}],"version-history":[{"count":10,"href":"https:\/\/raubfisch-king.de\/nl\/wp-json\/wp\/v2\/pages\/2793\/revisions"}],"predecessor-version":[{"id":3246,"href":"https:\/\/raubfisch-king.de\/nl\/wp-json\/wp\/v2\/pages\/2793\/revisions\/3246"}],"wp:attachment":[{"href":"https:\/\/raubfisch-king.de\/nl\/wp-json\/wp\/v2\/media?parent=2793"}],"curies":[{"name":"wp","href":"https:\/\/api.w.org\/{rel}","templated":true}]}}