{"id":38,"date":"2019-11-26T13:33:30","date_gmt":"2019-11-26T12:33:30","guid":{"rendered":"http:\/\/demos.reytheme.com\/frankfurt\/?page_id=38"},"modified":"2022-01-09T16:56:43","modified_gmt":"2022-01-09T15:56:43","slug":"ueberuns","status":"publish","type":"page","link":"https:\/\/raubfisch-king.de\/nl\/ueberuns\/","title":{"rendered":"Over Ons"},"content":{"rendered":"<div data-elementor-type=\"wp-page\" data-elementor-id=\"38\" class=\"elementor elementor-38\">\n\t\t\t\t\t\t\t\t\t<section class=\"elementor-section elementor-top-section elementor-element elementor-element-7393eda1 rey-section-stretched elementor-section-height-min-height elementor-section-items-bottom rey-section-bg--classic elementor-section-boxed elementor-section-height-default\" data-id=\"7393eda1\" data-element_type=\"section\" data-settings=\"{&quot;background_background&quot;:&quot;classic&quot;}\">\n\t\t\t\t\t\t<div class=\"elementor-container elementor-column-gap-default\">\n\t\t\t\t\t<div class=\"elementor-column elementor-col-100 elementor-top-column elementor-element elementor-element-6d2aeec4\" data-id=\"6d2aeec4\" data-element_type=\"column\">\n\t\t\t<div class=\"elementor-column-wrap--6d2aeec4 elementor-widget-wrap\">\n\t\t\t\t\t\t\t\t\t<\/div>\n\t\t<\/div>\n\t\t\t\t\t\t\t<\/div>\n\t\t<\/section>\n\t\t\t\t<section class=\"elementor-section elementor-top-section elementor-element elementor-element-53fc0e34 elementor-section-boxed elementor-section-height-default elementor-section-height-default\" data-id=\"53fc0e34\" data-element_type=\"section\">\n\t\t\t\t\t\t<div class=\"elementor-container elementor-column-gap-default\">\n\t\t\t\t\t<div class=\"elementor-column elementor-col-100 elementor-top-column elementor-element elementor-element-4653fdb0\" data-id=\"4653fdb0\" data-element_type=\"column\">\n\t\t\t<div class=\"elementor-column-wrap--4653fdb0 elementor-widget-wrap elementor-element-populated\">\n\t\t\t\t\t\t\t\t<div class=\"elementor-element elementor-element-047e07f elementor-widget-mobile__width-inherit elementor-widget elementor-widget-heading\" data-id=\"047e07f\" data-element_type=\"widget\" data-widget_type=\"heading.default\">\n\t\t\t\t<div class=\"elementor-widget-container\">\n\t\t\t<h2 class=\"elementor-heading-title elementor-size-large\">DE WEG NAAR DE KING<\/h2>\t\t<\/div>\n\t\t\t\t<\/div>\n\t\t\t\t<div class=\"elementor-element elementor-element-659d60dd elementor-widget elementor-widget-text-editor\" data-id=\"659d60dd\" data-element_type=\"widget\" data-widget_type=\"text-editor.default\">\n\t\t\t\t<div class=\"elementor-widget-container\">\n\t\t\t\t\t\t\t<p><span style=\"font-weight: 400;\">Raubfisch-King.de is uw website over het vissen op baars, snoek en snoekbaars. In de rubriek \"King-Kitchen\" hebben wij heerlijke recepten voor u en onder \"King-Tipps\" vindt u tips en trucs voor het vissen en ook een door ons voor u ontworpen visdagboek. Natuurlijk zijn alle downloads op onze website gratis! U vindt onze exclusieve en hoogwaardige producten in onze \"Shop\" - bestel ze eenvoudig online en laat ze gemakkelijk bij u thuis bezorgen. Ook de levering binnen Duitsland en Nederland is gratis. <\/span><\/p>\t\t\t\t\t\t<\/div>\n\t\t\t\t<\/div>\n\t\t\t\t\t<\/div>\n\t\t<\/div>\n\t\t\t\t\t\t\t<\/div>\n\t\t<\/section>\n\t\t\t\t<section class=\"elementor-section elementor-top-section elementor-element elementor-element-4adafecc elementor-section-boxed elementor-section-height-default elementor-section-height-default\" data-id=\"4adafecc\" data-element_type=\"section\">\n\t\t\t\t\t\t<div class=\"elementor-container elementor-column-gap-no\">\n\t\t\t\t\t<div class=\"elementor-column elementor-col-50 elementor-top-column elementor-element elementor-element-6170c5b rey-colbg--classic\" data-id=\"6170c5b\" data-element_type=\"column\" data-settings=\"{&quot;background_background&quot;:&quot;classic&quot;}\">\n\t\t\t<div class=\"elementor-column-wrap--6170c5b elementor-widget-wrap elementor-element-populated\">\n\t\t\t\t\t\t\t\t<div class=\"elementor-element elementor-element-15afab47 elementor-widget elementor-widget-heading\" data-id=\"15afab47\" data-element_type=\"widget\" data-widget_type=\"heading.default\">\n\t\t\t\t<div class=\"elementor-widget-container\">\n\t\t\t<h2 class=\"elementor-heading-title elementor-size-default\">Duurzaamheid &amp; Bedrijfsprincipes<\/h2>\t\t<\/div>\n\t\t\t\t<\/div>\n\t\t\t\t<div class=\"elementor-element elementor-element-722ef633 elementor-widget elementor-widget-text-editor\" data-id=\"722ef633\" data-element_type=\"widget\" data-widget_type=\"text-editor.default\">\n\t\t\t\t<div class=\"elementor-widget-container\">\n\t\t\t\t\t\t\t<p><span style=\"font-weight: 400;\">Vissen is zonder twijfel de mooiste hobby ter wereld. Opdat nog vele generaties dit gevoel kunnen ervaren, is het absoluut noodzakelijk dat wij het milieu met respect behandelen. Het zou voor iedere visser vanzelfsprekend moeten zijn om zijn visplek weer schoon achter te laten. Misschien is er ruimte voor meer afval in de afvalzak die je hebt meegebracht?<\/span><\/p>\t\t\t\t\t\t<\/div>\n\t\t\t\t<\/div>\n\t\t\t\t\t<\/div>\n\t\t<\/div>\n\t\t\t\t<div class=\"elementor-column elementor-col-50 elementor-top-column elementor-element elementor-element-32aa8657 rey-colbg--classic\" data-id=\"32aa8657\" data-element_type=\"column\" data-settings=\"{&quot;background_background&quot;:&quot;classic&quot;}\">\n\t\t\t<div class=\"elementor-column-wrap--32aa8657 elementor-widget-wrap elementor-element-populated\">\n\t\t\t\t\t\t\t\t<div class=\"elementor-element elementor-element-460decff elementor-widget elementor-widget-image\" data-id=\"460decff\" data-element_type=\"widget\" data-widget_type=\"image.default\">\n\t\t\t\t<div class=\"elementor-widget-container\">\n\t\t\t\t\t\t\t\t\t\t\t\t\t\t\t<img loading=\"lazy\" decoding=\"async\" width=\"1024\" height=\"684\" src=\"https:\/\/raubfisch-king.de\/wp-content\/uploads\/2022\/01\/raubfischking_ueberuns_bild-1024x684.jpg\" class=\"attachment-large size-large wp-image-3150\" alt=\"\" srcset=\"https:\/\/raubfisch-king.de\/wp-content\/uploads\/2022\/01\/raubfischking_ueberuns_bild-1024x684.jpg 1024w, https:\/\/raubfisch-king.de\/wp-content\/uploads\/2022\/01\/raubfischking_ueberuns_bild-300x200.jpg 300w, https:\/\/raubfisch-king.de\/wp-content\/uploads\/2022\/01\/raubfischking_ueberuns_bild-768x513.jpg 768w, https:\/\/raubfisch-king.de\/wp-content\/uploads\/2022\/01\/raubfischking_ueberuns_bild-1536x1026.jpg 1536w, https:\/\/raubfisch-king.de\/wp-content\/uploads\/2022\/01\/raubfischking_ueberuns_bild-400x267.jpg 400w, https:\/\/raubfisch-king.de\/wp-content\/uploads\/2022\/01\/raubfischking_ueberuns_bild.jpg 2048w\" sizes=\"(max-width: 1024px) 100vw, 1024px\" \/>\t\t\t\t\t\t\t\t\t\t\t\t\t\t\t<\/div>\n\t\t\t\t<\/div>\n\t\t\t\t\t<\/div>\n\t\t<\/div>\n\t\t\t\t\t\t\t<\/div>\n\t\t<\/section>\n\t\t\t\t<section class=\"elementor-section elementor-top-section elementor-element elementor-element-171ff9a3 elementor-section-boxed elementor-section-height-default elementor-section-height-default\" data-id=\"171ff9a3\" data-element_type=\"section\">\n\t\t\t\t\t\t<div class=\"elementor-container elementor-column-gap-no\">\n\t\t\t\t\t<div class=\"elementor-column elementor-col-50 elementor-top-column elementor-element elementor-element-3a0a831d rey-colbg--classic\" data-id=\"3a0a831d\" data-element_type=\"column\" data-settings=\"{&quot;background_background&quot;:&quot;classic&quot;}\">\n\t\t\t<div class=\"elementor-column-wrap--3a0a831d elementor-widget-wrap elementor-element-populated\">\n\t\t\t\t\t\t\t\t<div class=\"elementor-element elementor-element-49a213d4 elementor-widget elementor-widget-image\" data-id=\"49a213d4\" data-element_type=\"widget\" data-widget_type=\"image.default\">\n\t\t\t\t<div class=\"elementor-widget-container\">\n\t\t\t\t\t\t\t\t\t\t\t\t\t\t\t<img loading=\"lazy\" decoding=\"async\" width=\"2560\" height=\"1708\" src=\"https:\/\/raubfisch-king.de\/wp-content\/uploads\/2019\/09\/raubfischking_3-scaled.jpg\" class=\"attachment-full size-full wp-image-1769\" alt=\"\" srcset=\"https:\/\/raubfisch-king.de\/wp-content\/uploads\/2019\/09\/raubfischking_3-scaled.jpg 2560w, https:\/\/raubfisch-king.de\/wp-content\/uploads\/2019\/09\/raubfischking_3-scaled-300x200.jpg 300w, https:\/\/raubfisch-king.de\/wp-content\/uploads\/2019\/09\/raubfischking_3-scaled-400x267.jpg 400w, https:\/\/raubfisch-king.de\/wp-content\/uploads\/2019\/09\/raubfischking_3-1024x683.jpg 1024w, https:\/\/raubfisch-king.de\/wp-content\/uploads\/2019\/09\/raubfischking_3-768x513.jpg 768w, https:\/\/raubfisch-king.de\/wp-content\/uploads\/2019\/09\/raubfischking_3-1536x1025.jpg 1536w, https:\/\/raubfisch-king.de\/wp-content\/uploads\/2019\/09\/raubfischking_3-2048x1367.jpg 2048w\" sizes=\"(max-width: 2560px) 100vw, 2560px\" \/>\t\t\t\t\t\t\t\t\t\t\t\t\t\t\t<\/div>\n\t\t\t\t<\/div>\n\t\t\t\t\t<\/div>\n\t\t<\/div>\n\t\t\t\t<div class=\"elementor-column elementor-col-50 elementor-top-column elementor-element elementor-element-664ca489 rey-colbg--classic\" data-id=\"664ca489\" data-element_type=\"column\" data-settings=\"{&quot;background_background&quot;:&quot;classic&quot;}\">\n\t\t\t<div class=\"elementor-column-wrap--664ca489 elementor-widget-wrap elementor-element-populated\">\n\t\t\t\t\t\t\t\t<div class=\"elementor-element elementor-element-2d7ff020 elementor-widget elementor-widget-text-editor\" data-id=\"2d7ff020\" data-element_type=\"widget\" data-widget_type=\"text-editor.default\">\n\t\t\t\t<div class=\"elementor-widget-container\">\n\t\t\t\t\t\t\t<p><span style=\"font-weight: 400;\">Door de samenwerking met onze partners hebben wij de mogelijkheid om producten van absolute kwaliteit aan te bieden. De gebruikte materialen hebben een zeer lange levensduur, waardoor de hulpbronnen duurzaam worden bespaard. Onze shads worden geproduceerd volgens de hoogste Europese specificaties en normen - en onze pluggen zijn ook gemaakt van ftalaatvrij ABS. Maar aangezien dat milieubescherming begint bij de verpakking van producten, gebruiken wij geen plastic verpakkingen. Wij behandelen al onze klanten als onze visvrienden. Want alleen een eerlijke omgang met elkaar is de basis voor een goede en duurzame samenwerking.<\/span><\/p>\t\t\t\t\t\t<\/div>\n\t\t\t\t<\/div>\n\t\t\t\t\t<\/div>\n\t\t<\/div>\n\t\t\t\t\t\t\t<\/div>\n\t\t<\/section>\n\t\t\t\t<section class=\"elementor-section elementor-top-section elementor-element elementor-element-061e1dd elementor-section-boxed elementor-section-height-default elementor-section-height-default\" data-id=\"061e1dd\" data-element_type=\"section\">\n\t\t\t\t\t\t<div class=\"elementor-container elementor-column-gap-no\">\n\t\t\t\t\t<div class=\"elementor-column elementor-col-50 elementor-top-column elementor-element elementor-element-a2b3908 rey-colbg--classic\" data-id=\"a2b3908\" data-element_type=\"column\" data-settings=\"{&quot;background_background&quot;:&quot;classic&quot;}\">\n\t\t\t<div class=\"elementor-column-wrap--a2b3908 elementor-widget-wrap elementor-element-populated\">\n\t\t\t\t\t\t\t\t<div class=\"elementor-element elementor-element-5b9c5ff elementor-widget elementor-widget-heading\" data-id=\"5b9c5ff\" data-element_type=\"widget\" data-widget_type=\"heading.default\">\n\t\t\t\t<div class=\"elementor-widget-container\">\n\t\t\t<h2 class=\"elementor-heading-title elementor-size-default\"> De lange weg om Roofus-King te worden\n<\/h2>\t\t<\/div>\n\t\t\t\t<\/div>\n\t\t\t\t<div class=\"elementor-element elementor-element-dfa96a4 elementor-widget elementor-widget-text-editor\" data-id=\"dfa96a4\" data-element_type=\"widget\" data-widget_type=\"text-editor.default\">\n\t\t\t\t<div class=\"elementor-widget-container\">\n\t\t\t\t\t\t\t<p><span style=\"font-weight: 400;\">Onze \"viscarri\u00e8re\" begon toen we ongeveer 8 jaar oud waren. Omdat we op het platteland opgroeiden, hadden veel boeren hun eigen vijvers waar we als kind mochten vissen. Van rietvoorn tot karper, er zaten veel witvis vissen in de vijvers en we waren al vroeg besmet met de \"jachtkoorts\". Een paar jaar later lukte het ons om steeds meer baars, snoek en snoekbaars te vangen in rivieren en plas of meer. Zoals alle vissers hebben wij geleerd van onze ervaringen en hebben wij onze visserij verder ontwikkeld.<\/span><\/p>\t\t\t\t\t\t<\/div>\n\t\t\t\t<\/div>\n\t\t\t\t\t<\/div>\n\t\t<\/div>\n\t\t\t\t<div class=\"elementor-column elementor-col-50 elementor-top-column elementor-element elementor-element-9a74643 rey-colbg--classic\" data-id=\"9a74643\" data-element_type=\"column\" data-settings=\"{&quot;background_background&quot;:&quot;classic&quot;}\">\n\t\t\t<div class=\"elementor-column-wrap--9a74643 elementor-widget-wrap elementor-element-populated\">\n\t\t\t\t\t\t\t\t<div class=\"elementor-element elementor-element-653a044 elementor-widget elementor-widget-image\" data-id=\"653a044\" data-element_type=\"widget\" data-widget_type=\"image.default\">\n\t\t\t\t<div class=\"elementor-widget-container\">\n\t\t\t\t\t\t\t\t\t\t\t\t\t\t\t<img loading=\"lazy\" decoding=\"async\" width=\"1024\" height=\"697\" src=\"https:\/\/raubfisch-king.de\/wp-content\/uploads\/2021\/05\/raubfischking_ueberuns-4-1024x697.jpg\" class=\"attachment-large size-large wp-image-2097\" alt=\"\" srcset=\"https:\/\/raubfisch-king.de\/wp-content\/uploads\/2021\/05\/raubfischking_ueberuns-4-1024x697.jpg 1024w, https:\/\/raubfisch-king.de\/wp-content\/uploads\/2021\/05\/raubfischking_ueberuns-4-300x204.jpg 300w, https:\/\/raubfisch-king.de\/wp-content\/uploads\/2021\/05\/raubfischking_ueberuns-4-768x523.jpg 768w, https:\/\/raubfisch-king.de\/wp-content\/uploads\/2021\/05\/raubfischking_ueberuns-4-1536x1046.jpg 1536w, https:\/\/raubfisch-king.de\/wp-content\/uploads\/2021\/05\/raubfischking_ueberuns-4-2048x1394.jpg 2048w, https:\/\/raubfisch-king.de\/wp-content\/uploads\/2021\/05\/raubfischking_ueberuns-4-400x272.jpg 400w\" sizes=\"(max-width: 1024px) 100vw, 1024px\" \/>\t\t\t\t\t\t\t\t\t\t\t\t\t\t\t<\/div>\n\t\t\t\t<\/div>\n\t\t\t\t\t<\/div>\n\t\t<\/div>\n\t\t\t\t\t\t\t<\/div>\n\t\t<\/section>\n\t\t\t\t<section class=\"elementor-section elementor-top-section elementor-element elementor-element-57d55d6 elementor-section-boxed elementor-section-height-default elementor-section-height-default\" data-id=\"57d55d6\" data-element_type=\"section\">\n\t\t\t\t\t\t<div class=\"elementor-container elementor-column-gap-no\">\n\t\t\t\t\t<div class=\"elementor-column elementor-col-50 elementor-top-column elementor-element elementor-element-a0cf8d0 rey-colbg--classic\" data-id=\"a0cf8d0\" data-element_type=\"column\" data-settings=\"{&quot;background_background&quot;:&quot;classic&quot;}\">\n\t\t\t<div class=\"elementor-column-wrap--a0cf8d0 elementor-widget-wrap elementor-element-populated\">\n\t\t\t\t\t\t\t\t<div class=\"elementor-element elementor-element-44ef516 elementor-widget elementor-widget-image\" data-id=\"44ef516\" data-element_type=\"widget\" data-widget_type=\"image.default\">\n\t\t\t\t<div class=\"elementor-widget-container\">\n\t\t\t\t\t\t\t\t\t\t\t\t\t\t\t<img loading=\"lazy\" decoding=\"async\" width=\"2500\" height=\"1875\" src=\"https:\/\/raubfisch-king.de\/wp-content\/uploads\/2021\/11\/Raubfiscjking_Galerie-8.jpg\" class=\"attachment-full size-full wp-image-3023\" alt=\"\" srcset=\"https:\/\/raubfisch-king.de\/wp-content\/uploads\/2021\/11\/Raubfiscjking_Galerie-8.jpg 2500w, https:\/\/raubfisch-king.de\/wp-content\/uploads\/2021\/11\/Raubfiscjking_Galerie-8-300x225.jpg 300w, https:\/\/raubfisch-king.de\/wp-content\/uploads\/2021\/11\/Raubfiscjking_Galerie-8-1024x768.jpg 1024w, https:\/\/raubfisch-king.de\/wp-content\/uploads\/2021\/11\/Raubfiscjking_Galerie-8-768x576.jpg 768w, https:\/\/raubfisch-king.de\/wp-content\/uploads\/2021\/11\/Raubfiscjking_Galerie-8-1536x1152.jpg 1536w, https:\/\/raubfisch-king.de\/wp-content\/uploads\/2021\/11\/Raubfiscjking_Galerie-8-2048x1536.jpg 2048w, https:\/\/raubfisch-king.de\/wp-content\/uploads\/2021\/11\/Raubfiscjking_Galerie-8-400x300.jpg 400w\" sizes=\"(max-width: 2500px) 100vw, 2500px\" \/>\t\t\t\t\t\t\t\t\t\t\t\t\t\t\t<\/div>\n\t\t\t\t<\/div>\n\t\t\t\t\t<\/div>\n\t\t<\/div>\n\t\t\t\t<div class=\"elementor-column elementor-col-50 elementor-top-column elementor-element elementor-element-cd8d0c5 rey-colbg--classic\" data-id=\"cd8d0c5\" data-element_type=\"column\" data-settings=\"{&quot;background_background&quot;:&quot;classic&quot;}\">\n\t\t\t<div class=\"elementor-column-wrap--cd8d0c5 elementor-widget-wrap elementor-element-populated\">\n\t\t\t\t\t\t\t\t<div class=\"elementor-element elementor-element-011d4d1 elementor-widget elementor-widget-text-editor\" data-id=\"011d4d1\" data-element_type=\"widget\" data-widget_type=\"text-editor.default\">\n\t\t\t\t<div class=\"elementor-widget-container\">\n\t\t\t\t\t\t\t<p><span style=\"font-weight: 400;\">In de loop van de jaren hebben we veel geld uitgegeven aan kunstaas, zowel van online als van stationaire handelaren. Helaas waren deze bij gebruik in de praktijk vaak teleurstellend van kwaliteit en vangstresultaten. Het idee van de \"Raubfisch-King\" is uit deze teleurstelling geboren. Aangezien het voor ons duidelijk was dat wij alleen producten mochten aanbieden die ons 100% overtuigden, hadden wij nog een zeer lange weg te gaan. Bijna twee jaar lang hebben we, samen met vele andere vissers, kunstaas getest op beweging, materiaalkwaliteit, grootte, vorm en, natuurlijk, vangstsucces. Het gebruik van onderwatercamera's, UV-lampen, vangstdagboeken en de voortdurende uitwisseling met andere vissers waren nuttig.&nbsp;<\/span><span style=\"color: var(--body-color); font-family: var(--body-font-family),sans-serif;\">Fast zwei Jahre testeten wir, zusammen mit vielen anderen Anglern, Kunstk\u00f6der auf Laufverhalten, Materialqualit\u00e4t, Gr\u00f6\u00dfe, Form und nat\u00fcrlich Fangerfolg. Hilfreich war hierbei der Einsatz von Unterwasserkameras, UV-Lampen, Fangtageb\u00fcchern und der st\u00e4ndige Austausch mit anderen Anglern.<\/span><\/p>\t\t\t\t\t\t<\/div>\n\t\t\t\t<\/div>\n\t\t\t\t\t<\/div>\n\t\t<\/div>\n\t\t\t\t\t\t\t<\/div>\n\t\t<\/section>\n\t\t\t\t<section class=\"elementor-section elementor-top-section elementor-element elementor-element-221a2e16 elementor-section-full_width elementor-section-height-min-height elementor-section-height-default elementor-section-items-middle\" data-id=\"221a2e16\" data-element_type=\"section\">\n\t\t\t\t\t\t<div class=\"elementor-container elementor-column-gap-default\">\n\t\t\t\t\t<div class=\"elementor-column elementor-col-100 elementor-top-column elementor-element elementor-element-e88ea16\" data-id=\"e88ea16\" data-element_type=\"column\">\n\t\t\t<div class=\"elementor-column-wrap--e88ea16 elementor-widget-wrap\">\n\t\t\t\t\t\t\t\t\t<\/div>\n\t\t<\/div>\n\t\t\t\t\t\t\t<\/div>\n\t\t<\/section>\n\t\t\t\t\t\t\t<\/div>","protected":false},"excerpt":{"rendered":"<p>DER WEG ZUM KING Raubfisch-King.de ist deine Internetseite rund um das Angeln auf Barsch, Hecht und Zander. In der Rubrik \u201eKing-K\u00fcche\u201c haben wir leckere Rezepte f\u00fcr Dich und unter \u201eKing-Tipps\u201c Kniffe rund um das Angeln sowie ein f\u00fcr dich von uns entworfenes Fangtagebuch. Selbstverst\u00e4ndlich sind alle Downloads auf unserer Internetseite kostenlos! Unsere exklusiven und hochwertigen [&hellip;]<\/p>","protected":false},"author":1,"featured_media":0,"parent":0,"menu_order":0,"comment_status":"closed","ping_status":"closed","template":"template-builder.php","meta":{"footnotes":""},"acf":[],"_links":{"self":[{"href":"https:\/\/raubfisch-king.de\/nl\/wp-json\/wp\/v2\/pages\/38"}],"collection":[{"href":"https:\/\/raubfisch-king.de\/nl\/wp-json\/wp\/v2\/pages"}],"about":[{"href":"https:\/\/raubfisch-king.de\/nl\/wp-json\/wp\/v2\/types\/page"}],"author":[{"embeddable":true,"href":"https:\/\/raubfisch-king.de\/nl\/wp-json\/wp\/v2\/users\/1"}],"replies":[{"embeddable":true,"href":"https:\/\/raubfisch-king.de\/nl\/wp-json\/wp\/v2\/comments?post=38"}],"version-history":[{"count":10,"href":"https:\/\/raubfisch-king.de\/nl\/wp-json\/wp\/v2\/pages\/38\/revisions"}],"predecessor-version":[{"id":3153,"href":"https:\/\/raubfisch-king.de\/nl\/wp-json\/wp\/v2\/pages\/38\/revisions\/3153"}],"wp:attachment":[{"href":"https:\/\/raubfisch-king.de\/nl\/wp-json\/wp\/v2\/media?parent=38"}],"curies":[{"name":"wp","href":"https:\/\/api.w.org\/{rel}","templated":true}]}}